{"id":12259,"date":"2025-04-28T19:28:30","date_gmt":"2025-04-28T19:28:30","guid":{"rendered":"https:\/\/garditex.ee\/?post_type=product&#038;p=12259"},"modified":"2025-05-09T20:29:41","modified_gmt":"2025-05-09T20:29:41","slug":"long-napulong-3492-100g-erinevad-varvid","status":"publish","type":"product","link":"https:\/\/garditex.ee\/ru\/toode\/long-napulong-3492-100g-erinevad-varvid\/","title":{"rendered":"\u041f\u0440\u044f\u0436\u0430, \u043f\u0430\u043b\u044c\u0447\u0438\u043a\u043e\u0432\u0430\u044f \u043f\u0440\u044f\u0436\u0430 3492, 100\u0433 - \u0440\u0430\u0437\u043d\u044b\u0435 \u0446\u0432\u0435\u0442\u0430"},"content":{"rendered":"<p>L\u00f5ngaga kudumine ei n\u00f5ua vardaid ega heegeln\u00f5ela. Isegi need, kes ei tea, kuidas kududa v\u00f5i alles \u00f5pivad, saavad luua vapustavaid kudumeid imeliste Puffy l\u00f5ngaga! Pehmel l\u00f5ngal on eelnevalt vormitud silmused, nii et liiga vaba v\u00f5i liiga tiheda kudumise ei teki probleeme \u2013 k\u00f5ik silmused on t\u00e4iesti \u00fchtlased. M\u00f5ne tunni p\u00e4rast on teil ilus tekk.<\/p>\n<p>Puffy l\u00f5nga erilisus on see, et:<\/p>\n<ul>\n<li>Iga\u00fcks v\u00f5ib selle l\u00f5ngaga kududa<\/li>\n<li>Lihtne hooldus<\/li>\n<li>Ei vaja vardaid ega heegeln\u00f5elu<\/li>\n<li>Toote l\u00f5plikku laiust on lihtne valida \u2013 millise silmade rea pikkusega alustate, sellega ka l\u00f5petate<\/li>\n<li>Tekki saab kududa vaid m\u00f5ne tunniga<\/li>\n<li>Ideaalselt \u00fchtlased silmused, nii et iga kudum on \u00fchtlane<\/li>\n<li>Kudum ei ole kunagi liiga tihe ega liiga vaba, sest k\u00f5ik silmused on \u00fchtlased<\/li>\n<\/ul>\n<p>Puffy on pehme ja kvaliteetne l\u00f5ng pleedide, tekkide, m\u00e4nguasjade, sallide, m\u00fctside, laster\u00f5ivaste jaoks.<\/p>\n<p>&nbsp;<\/p>\n<hr \/>\n<p>K\u00f5ik v\u00e4rvivalikud ei ole veebipoes veel \u00fcleval, rohkem valikuid leiad meie f\u00fc\u00fcsilistest poodidest \u00d5ism\u00e4elt v\u00f5i Lasnam\u00e4elt.<\/p>\n<p>\u041f\u0420\u0418\u041c\u0415\u0427\u0410\u041d\u0418\u0415! \u041f\u0440\u0435\u0434\u0441\u0442\u0430\u0432\u043b\u0435\u043d\u043d\u044b\u0435 \u0432 \u0438\u043d\u0442\u0435\u0440\u043d\u0435\u0442-\u043c\u0430\u0433\u0430\u0437\u0438\u043d\u0435 \u0438\u0437\u043e\u0431\u0440\u0430\u0436\u0435\u043d\u0438\u044f \u043f\u0440\u043e\u0434\u0443\u043a\u0442\u043e\u0432 \u043c\u043e\u0433\u0443\u0442 \u043e\u0442\u043b\u0438\u0447\u0430\u0442\u044c\u0441\u044f \u043e\u0442 \u0440\u0435\u0430\u043b\u044c\u043d\u044b\u0445 \u043f\u0440\u043e\u0434\u0443\u043a\u0442\u043e\u0432. <strong>\u0426\u0432\u0435\u0442 \u0438 \u0442\u0435\u043a\u0441\u0442\u0443\u0440\u0430 \u0438\u0437\u043e\u0431\u0440\u0430\u0436\u0435\u043d\u0438\u044f \u043f\u0440\u043e\u0434\u0443\u043a\u0442\u0430 \u043c\u043e\u0433\u0443\u0442 \u043e\u0442\u043b\u0438\u0447\u0430\u0442\u044c\u0441\u044f \u0432 \u0437\u0430\u0432\u0438\u0441\u0438\u043c\u043e\u0441\u0442\u0438 \u043e\u0442 \u043d\u0430\u0441\u0442\u0440\u043e\u0435\u043a \u043c\u043e\u043d\u0438\u0442\u043e\u0440\u0430 \u0438 \u043e\u0441\u0432\u0435\u0449\u0435\u043d\u0438\u044f.<\/strong> \u0425\u043e\u0442\u044f \u043c\u044b \u043f\u043e\u0441\u0442\u0430\u0440\u0430\u043b\u0438\u0441\u044c, \u0447\u0442\u043e\u0431\u044b \u0444\u043e\u0442\u043e\u0433\u0440\u0430\u0444\u0438\u0438 \u043c\u0430\u043a\u0441\u0438\u043c\u0430\u043b\u044c\u043d\u043e \u0442\u043e\u0447\u043d\u043e \u043e\u0442\u0440\u0430\u0436\u0430\u043b\u0438 \u043f\u0440\u043e\u0434\u0443\u043a\u0446\u0438\u044e, \u0440\u0430\u0437\u043b\u0438\u0447\u043d\u044b\u0435 \u0443\u0441\u0442\u0440\u043e\u0439\u0441\u0442\u0432\u0430 \u0438 \u044d\u043a\u0440\u0430\u043d\u044b \u043c\u043e\u0433\u0443\u0442 \u0432\u043b\u0438\u044f\u0442\u044c \u043d\u0430 \u0446\u0432\u0435\u0442\u0430 \u0438 \u0434\u0435\u0442\u0430\u043b\u0438 \u0432\u0438\u0434\u0438\u043c\u043e\u0441\u0442\u0438. \u0415\u0441\u043b\u0438 \u0432\u044b \u0445\u043e\u0442\u0438\u0442\u0435, \u043d\u0435 \u0441\u0442\u0435\u0441\u043d\u044f\u0439\u0442\u0435\u0441\u044c \u0437\u0430\u043f\u0440\u0430\u0448\u0438\u0432\u0430\u0442\u044c \u0434\u043e\u043f\u043e\u043b\u043d\u0438\u0442\u0435\u043b\u044c\u043d\u0443\u044e \u0438\u043d\u0444\u043e\u0440\u043c\u0430\u0446\u0438\u044e \u0438\u043b\u0438 \u0444\u043e\u0442\u043e\u0433\u0440\u0430\u0444\u0438\u0438.<\/p>","protected":false},"excerpt":{"rendered":"<ul>\n<li>\u0418\u0441\u043f\u043e\u043b\u044c\u0437\u043e\u0432\u0430\u043d\u0438\u0435: \u043f\u0430\u043b\u044c\u0446\u0430\u043c\u0438 \u0438\u043b\u0438 \u0442\u043e\u043b\u0441\u0442\u044b\u043c\u0438 \u0441\u043f\u0438\u0446\u0430\u043c\u0438 \/\u043f\u043b\u0435\u0442\u0435\u043d\u0438\u0435 \u043a\u0440\u044e\u0447\u043a\u043e\u043c\/ \u0432\u044f\u0437\u0430\u043d\u0438\u0435 \u043a\u0440\u044e\u0447\u043a\u043e\u043c \u0434\u043b\u044f<\/li>\n<li>\u0421\u043e\u0441\u0442\u0430\u0432: 100% \u043f\u043e\u043b\u0438\u044d\u0441\u0442\u0435\u0440<\/li>\n<li>\u041a\u043e\u043b\u0438\u0447\u0435\u0441\u0442\u0432\u043e (1 \u0448\u0442\u0443\u043a\u0430): 100 \u0433\/9 \u043c<\/li>\n<\/ul>","protected":false},"featured_media":12140,"template":"","meta":[],"product_brand":[],"product_cat":[185,384,383],"product_tag":[],"class_list":{"0":"post-12259","1":"product","2":"type-product","3":"status-publish","4":"has-post-thumbnail","6":"product_cat-kasitoo","7":"product_cat-kudumine","8":"product_cat-heegeldamine","9":"pa_varv-beez","10":"pa_varv-hall","11":"pa_varv-hele-roosa","12":"pa_varv-hele-sinine","13":"pa_varv-turkiissinine","14":"pa_varv-helelilla","15":"pa_varv-helepruun","16":"pa_varv-hobedane","17":"pa_varv-kirju","18":"pa_varv-kollane","19":"pa_varv-kreemvalge","20":"pa_varv-kuldne","21":"pa_varv-lilla","22":"pa_varv-must","23":"pa_varv-neoonroheline","24":"pa_varv-oranz","25":"pa_varv-pruun","26":"pa_varv-punane","27":"pa_varv-purpur-punane","28":"pa_varv-roheline","29":"pa_varv-roosa","30":"pa_varv-roosa-valge","31":"pa_varv-sinine","32":"pa_varv-tumehall","33":"pa_varv-tumepruun","34":"pa_varv-valge","35":"pa_varv-valge-must","37":"first","38":"instock","39":"taxable","40":"shipping-taxable","41":"purchasable","42":"product-type-variable","43":"wvs-archive-product-wrapper"},"_links":{"self":[{"href":"https:\/\/garditex.ee\/ru\/wp-json\/wp\/v2\/product\/12259","targetHints":{"allow":["GET"]}}],"collection":[{"href":"https:\/\/garditex.ee\/ru\/wp-json\/wp\/v2\/product"}],"about":[{"href":"https:\/\/garditex.ee\/ru\/wp-json\/wp\/v2\/types\/product"}],"version-history":[{"count":0,"href":"https:\/\/garditex.ee\/ru\/wp-json\/wp\/v2\/product\/12259\/revisions"}],"wp:featuredmedia":[{"embeddable":true,"href":"https:\/\/garditex.ee\/ru\/wp-json\/wp\/v2\/media\/12140"}],"wp:attachment":[{"href":"https:\/\/garditex.ee\/ru\/wp-json\/wp\/v2\/media?parent=12259"}],"wp:term":[{"taxonomy":"product_brand","embeddable":true,"href":"https:\/\/garditex.ee\/ru\/wp-json\/wp\/v2\/product_brand?post=12259"},{"taxonomy":"product_cat","embeddable":true,"href":"https:\/\/garditex.ee\/ru\/wp-json\/wp\/v2\/product_cat?post=12259"},{"taxonomy":"product_tag","embeddable":true,"href":"https:\/\/garditex.ee\/ru\/wp-json\/wp\/v2\/product_tag?post=12259"}],"curies":[{"name":"wp","href":"https:\/\/api.w.org\/{rel}","templated":true}]}}