{"id":10271,"date":"2025-02-22T22:42:53","date_gmt":"2025-02-22T22:42:53","guid":{"rendered":"https:\/\/garditex.ee\/?post_type=product&#038;p=10271"},"modified":"2025-05-09T20:07:17","modified_gmt":"2025-05-09T20:07:17","slug":"long-7209-erinevad-varvid","status":"publish","type":"product","link":"https:\/\/garditex.ee\/ru\/toode\/long-7209-erinevad-varvid\/","title":{"rendered":"\u041f\u0440\u044f\u0436\u0430, 7209 - \u0440\u0430\u0437\u043b\u0438\u0447\u043d\u044b\u0435 \u0446\u0432\u0435\u0442\u0430"},"content":{"rendered":"<p>K\u00f5ik v\u00e4rvivalikud ei ole veebipoes veel \u00fcleval, rohkem valikuid leiad meie f\u00fc\u00fcsilistest poodidest \u00d5ism\u00e4elt v\u00f5i Lasnam\u00e4elt.<\/p>\n<p>\u041f\u0420\u0418\u041c\u0415\u0427\u0410\u041d\u0418\u0415! \u041f\u0440\u0435\u0434\u0441\u0442\u0430\u0432\u043b\u0435\u043d\u043d\u044b\u0435 \u0432 \u0438\u043d\u0442\u0435\u0440\u043d\u0435\u0442-\u043c\u0430\u0433\u0430\u0437\u0438\u043d\u0435 \u0438\u0437\u043e\u0431\u0440\u0430\u0436\u0435\u043d\u0438\u044f \u043f\u0440\u043e\u0434\u0443\u043a\u0442\u043e\u0432 \u043c\u043e\u0433\u0443\u0442 \u043e\u0442\u043b\u0438\u0447\u0430\u0442\u044c\u0441\u044f \u043e\u0442 \u0440\u0435\u0430\u043b\u044c\u043d\u044b\u0445 \u043f\u0440\u043e\u0434\u0443\u043a\u0442\u043e\u0432.\u00a0<strong>\u0426\u0432\u0435\u0442 \u0438 \u0442\u0435\u043a\u0441\u0442\u0443\u0440\u0430 \u0438\u0437\u043e\u0431\u0440\u0430\u0436\u0435\u043d\u0438\u044f \u043f\u0440\u043e\u0434\u0443\u043a\u0442\u0430 \u043c\u043e\u0433\u0443\u0442 \u043e\u0442\u043b\u0438\u0447\u0430\u0442\u044c\u0441\u044f \u0432 \u0437\u0430\u0432\u0438\u0441\u0438\u043c\u043e\u0441\u0442\u0438 \u043e\u0442 \u043d\u0430\u0441\u0442\u0440\u043e\u0435\u043a \u043c\u043e\u043d\u0438\u0442\u043e\u0440\u0430 \u0438 \u043e\u0441\u0432\u0435\u0449\u0435\u043d\u0438\u044f.<\/strong>\u00a0\u0425\u043e\u0442\u044f \u043c\u044b \u043f\u043e\u0441\u0442\u0430\u0440\u0430\u043b\u0438\u0441\u044c, \u0447\u0442\u043e\u0431\u044b \u0444\u043e\u0442\u043e\u0433\u0440\u0430\u0444\u0438\u0438 \u043c\u0430\u043a\u0441\u0438\u043c\u0430\u043b\u044c\u043d\u043e \u0442\u043e\u0447\u043d\u043e \u043e\u0442\u0440\u0430\u0436\u0430\u043b\u0438 \u043f\u0440\u043e\u0434\u0443\u043a\u0446\u0438\u044e, \u0440\u0430\u0437\u043b\u0438\u0447\u043d\u044b\u0435 \u0443\u0441\u0442\u0440\u043e\u0439\u0441\u0442\u0432\u0430 \u0438 \u044d\u043a\u0440\u0430\u043d\u044b \u043c\u043e\u0433\u0443\u0442 \u0432\u043b\u0438\u044f\u0442\u044c \u043d\u0430 \u0446\u0432\u0435\u0442\u0430 \u0438 \u0434\u0435\u0442\u0430\u043b\u0438 \u0432\u0438\u0434\u0438\u043c\u043e\u0441\u0442\u0438. \u0415\u0441\u043b\u0438 \u0432\u044b \u0445\u043e\u0442\u0438\u0442\u0435, \u043d\u0435 \u0441\u0442\u0435\u0441\u043d\u044f\u0439\u0442\u0435\u0441\u044c \u0437\u0430\u043f\u0440\u0430\u0448\u0438\u0432\u0430\u0442\u044c \u0434\u043e\u043f\u043e\u043b\u043d\u0438\u0442\u0435\u043b\u044c\u043d\u0443\u044e \u0438\u043d\u0444\u043e\u0440\u043c\u0430\u0446\u0438\u044e \u0438\u043b\u0438 \u0444\u043e\u0442\u043e\u0433\u0440\u0430\u0444\u0438\u0438.<\/p>","protected":false},"excerpt":{"rendered":"<ul>\n<li>\u0426\u0432\u0435\u0442\u0430: \u043a\u0430\u0436\u0434\u0443\u044e \u0438\u0433\u0440\u0443\u0448\u043a\u0443 \u0432\u044b \u043c\u043e\u0436\u0435\u0442\u0435 \u0443\u0432\u0438\u0434\u0435\u0442\u044c \u043d\u0430 \u043a\u0430\u0440\u0442\u0438\u043d\u043a\u0435, \u0432\u044b\u0431\u0440\u0430\u0432 \u043a\u043e\u0434<\/li>\n<li>\u0421\u043e\u0441\u0442\u0430\u0432: 100% \u0430\u043a\u0440\u0438\u043b<\/li>\n<li>\u0412\u0435\u0441: 50 \u0433<\/li>\n<li>\u0414\u043b\u0438\u043d\u0430: 150 \u043c<\/li>\n<li>\u041f\u0440\u043e\u0438\u0437\u0432\u043e\u0434\u0438\u0442\u0435\u043b\u044c vardasoovitus: <span class=\"db\"><span class=\"attribute-value attribute-value-with-slug attribute-value-slug-\">2,5-3,5 \u043c\u043c<\/span><\/span><\/li>\n<li>\u041f\u0440\u043e\u0438\u0437\u0432\u043e\u0434\u0438\u0442\u0435\u043b\u044c heegeln\u00f5elasoovitus: <span class=\"db\"><span class=\"attribute-value attribute-value-with-slug attribute-value-slug-\">3-4 \u043c\u043c<\/span><\/span><\/li>\n<li>\u041f\u0440\u043e\u0438\u0437\u0432\u043e\u0434\u0438\u0442\u0435\u043b\u044c:\u0422\u0443\u0440\u0446\u0438\u044f<\/li>\n<li>\u0411\u0440\u0435\u043d\u0434:<span class=\"db\">\u042f\u0440\u043d\u0430\u0440\u0442, \u0414\u0435\u0442\u043a\u0430<\/span><\/li>\n<\/ul>","protected":false},"featured_media":12568,"template":"","meta":[],"product_brand":[],"product_cat":[185,384,383],"product_tag":[],"class_list":{"0":"post-10271","1":"product","2":"type-product","3":"status-publish","4":"has-post-thumbnail","6":"product_cat-kasitoo","7":"product_cat-kudumine","8":"product_cat-heegeldamine","10":"first","11":"instock","12":"taxable","13":"shipping-taxable","14":"purchasable","15":"product-type-variable","16":"wvs-archive-product-wrapper"},"_links":{"self":[{"href":"https:\/\/garditex.ee\/ru\/wp-json\/wp\/v2\/product\/10271","targetHints":{"allow":["GET"]}}],"collection":[{"href":"https:\/\/garditex.ee\/ru\/wp-json\/wp\/v2\/product"}],"about":[{"href":"https:\/\/garditex.ee\/ru\/wp-json\/wp\/v2\/types\/product"}],"version-history":[{"count":0,"href":"https:\/\/garditex.ee\/ru\/wp-json\/wp\/v2\/product\/10271\/revisions"}],"wp:featuredmedia":[{"embeddable":true,"href":"https:\/\/garditex.ee\/ru\/wp-json\/wp\/v2\/media\/12568"}],"wp:attachment":[{"href":"https:\/\/garditex.ee\/ru\/wp-json\/wp\/v2\/media?parent=10271"}],"wp:term":[{"taxonomy":"product_brand","embeddable":true,"href":"https:\/\/garditex.ee\/ru\/wp-json\/wp\/v2\/product_brand?post=10271"},{"taxonomy":"product_cat","embeddable":true,"href":"https:\/\/garditex.ee\/ru\/wp-json\/wp\/v2\/product_cat?post=10271"},{"taxonomy":"product_tag","embeddable":true,"href":"https:\/\/garditex.ee\/ru\/wp-json\/wp\/v2\/product_tag?post=10271"}],"curies":[{"name":"wp","href":"https:\/\/api.w.org\/{rel}","templated":true}]}}