{"id":9275,"date":"2023-06-29T12:11:18","date_gmt":"2023-06-29T12:11:18","guid":{"rendered":"https:\/\/garditex.ee\/?page_id=9275"},"modified":"2024-02-26T19:08:08","modified_gmt":"2024-02-26T19:08:08","slug":"o-nas","status":"publish","type":"page","link":"https:\/\/garditex.ee\/ru\/meist\/","title":{"rendered":"\u041e \u043d\u0430\u0441"},"content":{"rendered":"<div data-elementor-type=\"wp-page\" data-elementor-id=\"9275\" class=\"elementor elementor-9275\">\n\t\t\t\t\t\t<section class=\"elementor-section elementor-top-section elementor-element elementor-element-cd1a2b3 elementor-section-boxed elementor-section-height-default elementor-section-height-default\" data-id=\"cd1a2b3\" data-element_type=\"section\" data-e-type=\"section\">\n\t\t\t\t\t\t<div class=\"elementor-container elementor-column-gap-default\">\n\t\t\t\t\t<div class=\"elementor-column elementor-col-100 elementor-top-column elementor-element elementor-element-62f7334\" data-id=\"62f7334\" data-element_type=\"column\" data-e-type=\"column\">\n\t\t\t<div class=\"elementor-widget-wrap elementor-element-populated\">\n\t\t\t\t\t\t<div class=\"elementor-element elementor-element-38db315 elementor-widget elementor-widget-spacer\" data-id=\"38db315\" data-element_type=\"widget\" data-e-type=\"widget\" data-widget_type=\"spacer.default\">\n\t\t\t\t<div class=\"elementor-widget-container\">\n\t\t\t\t\t\t\t<div class=\"elementor-spacer\">\n\t\t\t<div class=\"elementor-spacer-inner\"><\/div>\n\t\t<\/div>\n\t\t\t\t\t\t<\/div>\n\t\t\t\t<\/div>\n\t\t\t\t\t<\/div>\n\t\t<\/div>\n\t\t\t\t\t<\/div>\n\t\t<\/section>\n\t\t\t\t<section class=\"elementor-section elementor-top-section elementor-element elementor-element-b415e87 elementor-section-boxed elementor-section-height-default elementor-section-height-default\" data-id=\"b415e87\" data-element_type=\"section\" data-e-type=\"section\">\n\t\t\t\t\t\t<div class=\"elementor-container elementor-column-gap-default\">\n\t\t\t\t\t<div class=\"elementor-column elementor-col-50 elementor-top-column elementor-element elementor-element-40e384b\" data-id=\"40e384b\" data-element_type=\"column\" data-e-type=\"column\" data-settings=\"{&quot;background_background&quot;:&quot;classic&quot;}\">\n\t\t\t<div class=\"elementor-widget-wrap elementor-element-populated\">\n\t\t\t\t\t\t<div class=\"elementor-element elementor-element-c7db05f ten1 elementor-widget elementor-widget-image\" data-id=\"c7db05f\" data-element_type=\"widget\" data-e-type=\"widget\" data-widget_type=\"image.default\">\n\t\t\t\t<div class=\"elementor-widget-container\">\n\t\t\t\t\t\t\t\t\t\t\t\t\t\t\t<img fetchpriority=\"high\" decoding=\"async\" width=\"1331\" height=\"748\" src=\"https:\/\/garditex.ee\/wp-content\/uploads\/2024\/02\/garditex-poe-esivaade.png\" class=\"attachment-full size-full wp-image-10301 wvs-archive-product-image\" alt=\"\" srcset=\"https:\/\/garditex.ee\/wp-content\/uploads\/2024\/02\/garditex-poe-esivaade.png 1331w, https:\/\/garditex.ee\/wp-content\/uploads\/2024\/02\/garditex-poe-esivaade-600x337.png 600w\" sizes=\"(max-width: 1331px) 100vw, 1331px\" \/>\t\t\t\t\t\t\t\t\t\t\t\t\t\t\t<\/div>\n\t\t\t\t<\/div>\n\t\t\t\t\t<\/div>\n\t\t<\/div>\n\t\t\t\t<div class=\"elementor-column elementor-col-50 elementor-top-column elementor-element elementor-element-ca95048\" data-id=\"ca95048\" data-element_type=\"column\" data-e-type=\"column\">\n\t\t\t<div class=\"elementor-widget-wrap elementor-element-populated\">\n\t\t\t\t\t\t<div class=\"elementor-element elementor-element-17fccb1 elementor-widget elementor-widget-spacer\" data-id=\"17fccb1\" data-element_type=\"widget\" data-e-type=\"widget\" data-widget_type=\"spacer.default\">\n\t\t\t\t<div class=\"elementor-widget-container\">\n\t\t\t\t\t\t\t<div class=\"elementor-spacer\">\n\t\t\t<div class=\"elementor-spacer-inner\"><\/div>\n\t\t<\/div>\n\t\t\t\t\t\t<\/div>\n\t\t\t\t<\/div>\n\t\t\t\t<div class=\"elementor-element elementor-element-001f6aa elementor-widget elementor-widget-text-editor\" data-id=\"001f6aa\" data-element_type=\"widget\" data-e-type=\"widget\" data-widget_type=\"text-editor.default\">\n\t\t\t\t<div class=\"elementor-widget-container\">\n\t\t\t\t\t\t\t\t\t<p>\u041d\u0430\u0448 \u043c\u0430\u0433\u0430\u0437\u0438\u043d-\u0441\u0442\u0443\u0434\u0438\u044f \u0440\u0430\u0441\u043f\u043e\u043b\u043e\u0436\u0435\u043d \u0432 \u043a\u043e\u043c\u043f\u0430\u043d\u0438\u0438 \u043d\u0430 \u0416\u0435\u043b\u0442\u043e\u043c \u0446\u0435\u043d\u0442\u0440\u0435, 2.\u044d\u0442\u0430\u0436, \u0432\u0442\u043e\u0440\u043e\u0439 \u043c\u0430\u0433\u0430\u0437\u0438\u043d \u0432 \u041b\u0430\u0441\u043d\u0430\u043c\u044f\u044d, \u0422\u0430\u043b\u043b\u0438\u043d\u043d, \u0426\u0435\u043d\u0442\u0440 \u041c\u0443\u0441\u0442\u0430\u043a\u0438\u0432\u0438, 2.\u044d\u0442\u0430\u0436.&nbsp;<\/p>\n<p><strong>\u041c\u044b \u043e\u0442\u043a\u0440\u044b\u0442\u044b \u0434\u043b\u044f \u043a\u043e\u043c\u043f\u0430\u043d\u0438\u0438 \u043f\u043e \u0430\u0434\u0440\u0435\u0441\u0443:<\/strong><\/p>\n<p>E-R 10-19<br>\u041b 10-18<br>\u0421. 10-17<\/p>\n<p><strong>\u041c\u044b \u043e\u0442\u043a\u0440\u044b\u0442\u044b \u041b\u0430\u0441\u043d\u0430\u043c\u044f\u044d, \u0422\u0430\u043b\u043b\u0438\u043d\u043d:<\/strong><\/p>\n<p>E-L 10-20<br>\u0421. 10-18<\/p>\t\t\t\t\t\t\t\t<\/div>\n\t\t\t\t<\/div>\n\t\t\t\t\t<\/div>\n\t\t<\/div>\n\t\t\t\t\t<\/div>\n\t\t<\/section>\n\t\t\t\t<section class=\"elementor-section elementor-top-section elementor-element elementor-element-b3c32a5 elementor-section-boxed elementor-section-height-default elementor-section-height-default\" data-id=\"b3c32a5\" data-element_type=\"section\" data-e-type=\"section\">\n\t\t\t\t\t\t<div class=\"elementor-container elementor-column-gap-default\">\n\t\t\t\t\t<div class=\"elementor-column elementor-col-100 elementor-top-column elementor-element elementor-element-d512dd0\" data-id=\"d512dd0\" data-element_type=\"column\" data-e-type=\"column\">\n\t\t\t<div class=\"elementor-widget-wrap elementor-element-populated\">\n\t\t\t\t\t\t<div class=\"elementor-element elementor-element-8beeb2f elementor-widget elementor-widget-spacer\" data-id=\"8beeb2f\" data-element_type=\"widget\" data-e-type=\"widget\" data-widget_type=\"spacer.default\">\n\t\t\t\t<div class=\"elementor-widget-container\">\n\t\t\t\t\t\t\t<div class=\"elementor-spacer\">\n\t\t\t<div class=\"elementor-spacer-inner\"><\/div>\n\t\t<\/div>\n\t\t\t\t\t\t<\/div>\n\t\t\t\t<\/div>\n\t\t\t\t<div class=\"elementor-element elementor-element-b74fb73 elementor-widget elementor-widget-spacer\" data-id=\"b74fb73\" data-element_type=\"widget\" data-e-type=\"widget\" data-widget_type=\"spacer.default\">\n\t\t\t\t<div class=\"elementor-widget-container\">\n\t\t\t\t\t\t\t<div class=\"elementor-spacer\">\n\t\t\t<div class=\"elementor-spacer-inner\"><\/div>\n\t\t<\/div>\n\t\t\t\t\t\t<\/div>\n\t\t\t\t<\/div>\n\t\t\t\t\t<\/div>\n\t\t<\/div>\n\t\t\t\t\t<\/div>\n\t\t<\/section>\n\t\t\t\t<\/div>","protected":false},"excerpt":{"rendered":"<p>Meie kauplus-ateljee asub \u00d5ism\u00e4el Kollase Keskuse 2.korrusel, teine kauplus Lasnam\u00e4el Mustakivi Keskuse 2.korrusel.&nbsp; Oleme avatud \u00d5ism\u00e4el: E-R 10-19L 10-18P 10-17 Oleme avatud Lasnam\u00e4el: E-L 10-20P 10-18<\/p>","protected":false},"author":3,"featured_media":0,"parent":0,"menu_order":0,"comment_status":"closed","ping_status":"closed","template":"","meta":{"footnotes":""},"class_list":["post-9275","page","type-page","status-publish","hentry"],"_links":{"self":[{"href":"https:\/\/garditex.ee\/ru\/wp-json\/wp\/v2\/pages\/9275","targetHints":{"allow":["GET"]}}],"collection":[{"href":"https:\/\/garditex.ee\/ru\/wp-json\/wp\/v2\/pages"}],"about":[{"href":"https:\/\/garditex.ee\/ru\/wp-json\/wp\/v2\/types\/page"}],"author":[{"embeddable":true,"href":"https:\/\/garditex.ee\/ru\/wp-json\/wp\/v2\/users\/3"}],"replies":[{"embeddable":true,"href":"https:\/\/garditex.ee\/ru\/wp-json\/wp\/v2\/comments?post=9275"}],"version-history":[{"count":0,"href":"https:\/\/garditex.ee\/ru\/wp-json\/wp\/v2\/pages\/9275\/revisions"}],"wp:attachment":[{"href":"https:\/\/garditex.ee\/ru\/wp-json\/wp\/v2\/media?parent=9275"}],"curies":[{"name":"wp","href":"https:\/\/api.w.org\/{rel}","templated":true}]}}