{"id":9256,"date":"2023-06-29T11:48:13","date_gmt":"2023-06-29T11:48:13","guid":{"rendered":"https:\/\/garditex.ee\/?page_id=9256"},"modified":"2025-02-12T23:48:57","modified_gmt":"2025-02-12T23:48:57","slug":"izgotovlenie-dekorativnyh-podushek","status":"publish","type":"page","link":"https:\/\/garditex.ee\/ru\/dekoratiivpatjade-tegemine\/","title":{"rendered":"\u0418\u0437\u0433\u043e\u0442\u043e\u0432\u043b\u0435\u043d\u0438\u0435 \u0434\u0435\u043a\u043e\u0440\u0430\u0442\u0438\u0432\u043d\u044b\u0445 \u043f\u043e\u0434\u0443\u0448\u0435\u043a"},"content":{"rendered":"\t\t<div data-elementor-type=\"wp-page\" data-elementor-id=\"9256\" class=\"elementor elementor-9256\">\n\t\t\t\t\t\t<section class=\"elementor-section elementor-top-section elementor-element elementor-element-cd1a2b3 elementor-section-boxed elementor-section-height-default elementor-section-height-default\" data-id=\"cd1a2b3\" data-element_type=\"section\" data-e-type=\"section\">\n\t\t\t\t\t\t<div class=\"elementor-container elementor-column-gap-default\">\n\t\t\t\t\t<div class=\"elementor-column elementor-col-100 elementor-top-column elementor-element elementor-element-62f7334\" data-id=\"62f7334\" data-element_type=\"column\" data-e-type=\"column\">\n\t\t\t<div class=\"elementor-widget-wrap elementor-element-populated\">\n\t\t\t\t\t\t<div class=\"elementor-element elementor-element-38db315 elementor-widget elementor-widget-spacer\" data-id=\"38db315\" data-element_type=\"widget\" data-e-type=\"widget\" data-widget_type=\"spacer.default\">\n\t\t\t\t<div class=\"elementor-widget-container\">\n\t\t\t\t\t\t\t<div class=\"elementor-spacer\">\n\t\t\t<div class=\"elementor-spacer-inner\"><\/div>\n\t\t<\/div>\n\t\t\t\t\t\t<\/div>\n\t\t\t\t<\/div>\n\t\t\t\t\t<\/div>\n\t\t<\/div>\n\t\t\t\t\t<\/div>\n\t\t<\/section>\n\t\t\t\t<section class=\"elementor-section elementor-top-section elementor-element elementor-element-b415e87 elementor-section-boxed elementor-section-height-default elementor-section-height-default\" data-id=\"b415e87\" data-element_type=\"section\" data-e-type=\"section\">\n\t\t\t\t\t\t<div class=\"elementor-container elementor-column-gap-default\">\n\t\t\t\t\t<div class=\"elementor-column elementor-col-50 elementor-top-column elementor-element elementor-element-40e384b\" data-id=\"40e384b\" data-element_type=\"column\" data-e-type=\"column\" data-settings=\"{&quot;background_background&quot;:&quot;classic&quot;}\">\n\t\t\t<div class=\"elementor-widget-wrap elementor-element-populated\">\n\t\t\t\t\t\t<div class=\"elementor-element elementor-element-c7db05f ten1 elementor-widget elementor-widget-image\" data-id=\"c7db05f\" data-element_type=\"widget\" data-e-type=\"widget\" data-widget_type=\"image.default\">\n\t\t\t\t<div class=\"elementor-widget-container\">\n\t\t\t\t\t\t\t\t\t\t\t\t\t\t\t<img fetchpriority=\"high\" decoding=\"async\" width=\"2560\" height=\"1920\" src=\"https:\/\/garditex.ee\/wp-content\/uploads\/2025\/02\/dekoratiivpadjad1-scaled.jpg\" class=\"attachment-full size-full wp-image-10897 wvs-archive-product-image\" alt=\"\" srcset=\"https:\/\/garditex.ee\/wp-content\/uploads\/2025\/02\/dekoratiivpadjad1-scaled.jpg 2560w, https:\/\/garditex.ee\/wp-content\/uploads\/2025\/02\/dekoratiivpadjad1-scaled-600x450.jpg 600w\" sizes=\"(max-width: 2560px) 100vw, 2560px\" \/>\t\t\t\t\t\t\t\t\t\t\t\t\t\t\t<\/div>\n\t\t\t\t<\/div>\n\t\t\t\t<div class=\"elementor-element elementor-element-6ede679 ten1 elementor-widget elementor-widget-image\" data-id=\"6ede679\" data-element_type=\"widget\" data-e-type=\"widget\" data-widget_type=\"image.default\">\n\t\t\t\t<div class=\"elementor-widget-container\">\n\t\t\t\t\t\t\t\t\t\t\t\t\t\t\t<img decoding=\"async\" width=\"2560\" height=\"1707\" src=\"https:\/\/garditex.ee\/wp-content\/uploads\/2025\/02\/dekoratiivpadjad2-scaled.jpg\" class=\"attachment-full size-full wp-image-10899 wvs-archive-product-image\" alt=\"\" srcset=\"https:\/\/garditex.ee\/wp-content\/uploads\/2025\/02\/dekoratiivpadjad2-scaled.jpg 2560w, https:\/\/garditex.ee\/wp-content\/uploads\/2025\/02\/dekoratiivpadjad2-scaled-600x400.jpg 600w\" sizes=\"(max-width: 2560px) 100vw, 2560px\" \/>\t\t\t\t\t\t\t\t\t\t\t\t\t\t\t<\/div>\n\t\t\t\t<\/div>\n\t\t\t\t\t<\/div>\n\t\t<\/div>\n\t\t\t\t<div class=\"elementor-column elementor-col-50 elementor-top-column elementor-element elementor-element-ca95048\" data-id=\"ca95048\" data-element_type=\"column\" data-e-type=\"column\">\n\t\t\t<div class=\"elementor-widget-wrap elementor-element-populated\">\n\t\t\t\t\t\t<div class=\"elementor-element elementor-element-17fccb1 elementor-widget elementor-widget-spacer\" data-id=\"17fccb1\" data-element_type=\"widget\" data-e-type=\"widget\" data-widget_type=\"spacer.default\">\n\t\t\t\t<div class=\"elementor-widget-container\">\n\t\t\t\t\t\t\t<div class=\"elementor-spacer\">\n\t\t\t<div class=\"elementor-spacer-inner\"><\/div>\n\t\t<\/div>\n\t\t\t\t\t\t<\/div>\n\t\t\t\t<\/div>\n\t\t\t\t<div class=\"elementor-element elementor-element-f7e1ced elementor-widget elementor-widget-heading\" data-id=\"f7e1ced\" data-element_type=\"widget\" data-e-type=\"widget\" data-widget_type=\"heading.default\">\n\t\t\t\t<div class=\"elementor-widget-container\">\n\t\t\t\t\t<h2 class=\"elementor-heading-title elementor-size-default\">Dekoratiivpatjade tegemine<\/h2>\t\t\t\t<\/div>\n\t\t\t\t<\/div>\n\t\t\t\t<div class=\"elementor-element elementor-element-953a5a3 elementor-widget elementor-widget-spacer\" data-id=\"953a5a3\" data-element_type=\"widget\" data-e-type=\"widget\" data-widget_type=\"spacer.default\">\n\t\t\t\t<div class=\"elementor-widget-container\">\n\t\t\t\t\t\t\t<div class=\"elementor-spacer\">\n\t\t\t<div class=\"elementor-spacer-inner\"><\/div>\n\t\t<\/div>\n\t\t\t\t\t\t<\/div>\n\t\t\t\t<\/div>\n\t\t\t\t<div class=\"elementor-element elementor-element-001f6aa elementor-widget elementor-widget-text-editor\" data-id=\"001f6aa\" data-element_type=\"widget\" data-e-type=\"widget\" data-widget_type=\"text-editor.default\">\n\t\t\t\t<div class=\"elementor-widget-container\">\n\t\t\t\t\t\t\t\t\t<div class=\"flex flex-grow flex-col max-w-full\"><div class=\"min-h-[20px] text-message flex flex-col items-start whitespace-pre-wrap break-words [.text-message+&amp;]:mt-5 juice:w-full juice:items-end overflow-x-auto gap-2\" dir=\"auto\" data-message-author-role=\"assistant\" data-message-id=\"77b81d4e-162f-48ce-b62b-deff5fa8d42d\"><div class=\"flex w-full flex-col gap-1 juice:empty:hidden juice:first:pt-[3px]\"><div class=\"markdown prose w-full break-words dark:prose-invert light\"><p>Meie ateljee pakub kohandatud teenust dekoratiivpatjade valmistamisel, keskendudes nii v\u00e4lisele disainile kui sisule vastavalt teie erisoovidele. Meie kogenud meistrid valmistavad erinevat t\u00fc\u00fcpi patju, mis t\u00e4iendavad suurep\u00e4raselt teie kodu v\u00f5i kontori interj\u00f6\u00f6ri.<\/p><p>Igal padjal on unikaalne stiil ja disain, kohandades materjali, suuruse ja kujunduse t\u00e4pselt teie eelistuste j\u00e4rgi. Olenemata sellest, kas soovite lisada ruumi v\u00e4rviaktsente v\u00f5i luua hubase ja elegantse atmosf\u00e4\u00e4ri, oleme valmis pakkuma teile parimat kvaliteeti ja t\u00e4helepanu detailidele.<\/p><p>\u00a0<\/p><hr \/><hr \/><hr \/><p>\u00a0<\/p><p><em>Kui soovite oma kodu v\u00f5i kontori sisustada stiilsete ja kvaliteetsete dekoratiivpadjadega, v\u00f5tke meiega \u00fchendust ja laske meil aidata teil luua just teile sobivad padjad.<\/em><\/p><\/div><\/div><\/div><\/div>\t\t\t\t\t\t\t\t<\/div>\n\t\t\t\t<\/div>\n\t\t\t\t\t<\/div>\n\t\t<\/div>\n\t\t\t\t\t<\/div>\n\t\t<\/section>\n\t\t\t\t<section class=\"elementor-section elementor-top-section elementor-element elementor-element-b3c32a5 elementor-section-boxed elementor-section-height-default elementor-section-height-default\" data-id=\"b3c32a5\" data-element_type=\"section\" data-e-type=\"section\">\n\t\t\t\t\t\t<div class=\"elementor-container elementor-column-gap-default\">\n\t\t\t\t\t<div class=\"elementor-column elementor-col-100 elementor-top-column elementor-element elementor-element-d512dd0\" data-id=\"d512dd0\" data-element_type=\"column\" data-e-type=\"column\">\n\t\t\t<div class=\"elementor-widget-wrap elementor-element-populated\">\n\t\t\t\t\t\t<div class=\"elementor-element elementor-element-8beeb2f elementor-widget elementor-widget-spacer\" data-id=\"8beeb2f\" data-element_type=\"widget\" data-e-type=\"widget\" data-widget_type=\"spacer.default\">\n\t\t\t\t<div class=\"elementor-widget-container\">\n\t\t\t\t\t\t\t<div class=\"elementor-spacer\">\n\t\t\t<div class=\"elementor-spacer-inner\"><\/div>\n\t\t<\/div>\n\t\t\t\t\t\t<\/div>\n\t\t\t\t<\/div>\n\t\t\t\t<div class=\"elementor-element elementor-element-b74fb73 elementor-widget elementor-widget-spacer\" data-id=\"b74fb73\" data-element_type=\"widget\" data-e-type=\"widget\" data-widget_type=\"spacer.default\">\n\t\t\t\t<div class=\"elementor-widget-container\">\n\t\t\t\t\t\t\t<div class=\"elementor-spacer\">\n\t\t\t<div class=\"elementor-spacer-inner\"><\/div>\n\t\t<\/div>\n\t\t\t\t\t\t<\/div>\n\t\t\t\t<\/div>\n\t\t\t\t\t<\/div>\n\t\t<\/div>\n\t\t\t\t\t<\/div>\n\t\t<\/section>\n\t\t\t\t<\/div>\n\t\t","protected":false},"excerpt":{"rendered":"<p>Dekoratiivpatjade tegemine Meie ateljee pakub kohandatud teenust dekoratiivpatjade valmistamisel, keskendudes nii v\u00e4lisele disainile kui sisule vastavalt teie erisoovidele. Meie kogenud meistrid valmistavad erinevat t\u00fc\u00fcpi patju, mis t\u00e4iendavad suurep\u00e4raselt teie kodu v\u00f5i kontori interj\u00f6\u00f6ri. Igal padjal on unikaalne stiil ja disain, kohandades materjali, suuruse ja kujunduse t\u00e4pselt teie eelistuste j\u00e4rgi. Olenemata sellest, kas soovite lisada ruumi [&hellip;]<\/p>\n","protected":false},"author":3,"featured_media":0,"parent":0,"menu_order":0,"comment_status":"closed","ping_status":"closed","template":"","meta":{"footnotes":""},"class_list":["post-9256","page","type-page","status-publish","hentry"],"_links":{"self":[{"href":"https:\/\/garditex.ee\/ru\/wp-json\/wp\/v2\/pages\/9256","targetHints":{"allow":["GET"]}}],"collection":[{"href":"https:\/\/garditex.ee\/ru\/wp-json\/wp\/v2\/pages"}],"about":[{"href":"https:\/\/garditex.ee\/ru\/wp-json\/wp\/v2\/types\/page"}],"author":[{"embeddable":true,"href":"https:\/\/garditex.ee\/ru\/wp-json\/wp\/v2\/users\/3"}],"replies":[{"embeddable":true,"href":"https:\/\/garditex.ee\/ru\/wp-json\/wp\/v2\/comments?post=9256"}],"version-history":[{"count":0,"href":"https:\/\/garditex.ee\/ru\/wp-json\/wp\/v2\/pages\/9256\/revisions"}],"wp:attachment":[{"href":"https:\/\/garditex.ee\/ru\/wp-json\/wp\/v2\/media?parent=9256"}],"curies":[{"name":"wp","href":"https:\/\/api.w.org\/{rel}","templated":true}]}}