{"id":9255,"date":"2023-06-29T11:48:06","date_gmt":"2023-06-29T11:48:06","guid":{"rendered":"https:\/\/garditex.ee\/?page_id=9255"},"modified":"2025-02-12T23:57:00","modified_gmt":"2025-02-12T23:57:00","slug":"konsultatsiya","status":"publish","type":"page","link":"https:\/\/garditex.ee\/ru\/konsultatsioon\/","title":{"rendered":"\u041a\u043e\u043d\u0441\u0443\u043b\u044c\u0442\u0430\u0446\u0438\u044f"},"content":{"rendered":"<div data-elementor-type=\"wp-page\" data-elementor-id=\"9255\" class=\"elementor elementor-9255\">\n\t\t\t\t\t\t<section class=\"elementor-section elementor-top-section elementor-element elementor-element-cd1a2b3 elementor-section-boxed elementor-section-height-default elementor-section-height-default\" data-id=\"cd1a2b3\" data-element_type=\"section\" data-e-type=\"section\">\n\t\t\t\t\t\t<div class=\"elementor-container elementor-column-gap-default\">\n\t\t\t\t\t<div class=\"elementor-column elementor-col-100 elementor-top-column elementor-element elementor-element-62f7334\" data-id=\"62f7334\" data-element_type=\"column\" data-e-type=\"column\">\n\t\t\t<div class=\"elementor-widget-wrap elementor-element-populated\">\n\t\t\t\t\t\t<div class=\"elementor-element elementor-element-38db315 elementor-widget elementor-widget-spacer\" data-id=\"38db315\" data-element_type=\"widget\" data-e-type=\"widget\" data-widget_type=\"spacer.default\">\n\t\t\t\t<div class=\"elementor-widget-container\">\n\t\t\t\t\t\t\t<div class=\"elementor-spacer\">\n\t\t\t<div class=\"elementor-spacer-inner\"><\/div>\n\t\t<\/div>\n\t\t\t\t\t\t<\/div>\n\t\t\t\t<\/div>\n\t\t\t\t\t<\/div>\n\t\t<\/div>\n\t\t\t\t\t<\/div>\n\t\t<\/section>\n\t\t\t\t<section class=\"elementor-section elementor-top-section elementor-element elementor-element-b415e87 elementor-section-boxed elementor-section-height-default elementor-section-height-default\" data-id=\"b415e87\" data-element_type=\"section\" data-e-type=\"section\">\n\t\t\t\t\t\t<div class=\"elementor-container elementor-column-gap-default\">\n\t\t\t\t\t<div class=\"elementor-column elementor-col-50 elementor-top-column elementor-element elementor-element-40e384b\" data-id=\"40e384b\" data-element_type=\"column\" data-e-type=\"column\" data-settings=\"{&quot;background_background&quot;:&quot;classic&quot;}\">\n\t\t\t<div class=\"elementor-widget-wrap elementor-element-populated\">\n\t\t\t\t\t\t<div class=\"elementor-element elementor-element-c7db05f ten1 elementor-widget elementor-widget-image\" data-id=\"c7db05f\" data-element_type=\"widget\" data-e-type=\"widget\" data-widget_type=\"image.default\">\n\t\t\t\t<div class=\"elementor-widget-container\">\n\t\t\t\t\t\t\t\t\t\t\t\t\t\t\t<img fetchpriority=\"high\" decoding=\"async\" width=\"2560\" height=\"1700\" src=\"https:\/\/garditex.ee\/wp-content\/uploads\/2025\/02\/kangatoonid-scaled.jpg\" class=\"attachment-full size-full wp-image-10904 wvs-archive-product-image\" alt=\"\" srcset=\"https:\/\/garditex.ee\/wp-content\/uploads\/2025\/02\/kangatoonid-scaled.jpg 2560w, https:\/\/garditex.ee\/wp-content\/uploads\/2025\/02\/kangatoonid-scaled-600x398.jpg 600w\" sizes=\"(max-width: 2560px) 100vw, 2560px\" \/>\t\t\t\t\t\t\t\t\t\t\t\t\t\t\t<\/div>\n\t\t\t\t<\/div>\n\t\t\t\t<div class=\"elementor-element elementor-element-ca554be ten1 elementor-widget elementor-widget-image\" data-id=\"ca554be\" data-element_type=\"widget\" data-e-type=\"widget\" data-widget_type=\"image.default\">\n\t\t\t\t<div class=\"elementor-widget-container\">\n\t\t\t\t\t\t\t\t\t\t\t\t\t\t\t<img decoding=\"async\" width=\"2000\" height=\"1202\" src=\"https:\/\/garditex.ee\/wp-content\/uploads\/2025\/02\/kangad-a.jpg\" class=\"attachment-full size-full wp-image-10905 wvs-archive-product-image\" alt=\"\" srcset=\"https:\/\/garditex.ee\/wp-content\/uploads\/2025\/02\/kangad-a.jpg 2000w, https:\/\/garditex.ee\/wp-content\/uploads\/2025\/02\/kangad-a-600x361.jpg 600w\" sizes=\"(max-width: 2000px) 100vw, 2000px\" \/>\t\t\t\t\t\t\t\t\t\t\t\t\t\t\t<\/div>\n\t\t\t\t<\/div>\n\t\t\t\t<div class=\"elementor-element elementor-element-0c98b31 ten1 elementor-widget elementor-widget-image\" data-id=\"0c98b31\" data-element_type=\"widget\" data-e-type=\"widget\" data-widget_type=\"image.default\">\n\t\t\t\t<div class=\"elementor-widget-container\">\n\t\t\t\t\t\t\t\t\t\t\t\t\t\t\t<img decoding=\"async\" width=\"2560\" height=\"1501\" src=\"https:\/\/garditex.ee\/wp-content\/uploads\/2025\/02\/omblemine-scaled.jpg\" class=\"attachment-full size-full wp-image-10903 wvs-archive-product-image\" alt=\"\" srcset=\"https:\/\/garditex.ee\/wp-content\/uploads\/2025\/02\/omblemine-scaled.jpg 2560w, https:\/\/garditex.ee\/wp-content\/uploads\/2025\/02\/omblemine-scaled-600x352.jpg 600w\" sizes=\"(max-width: 2560px) 100vw, 2560px\" \/>\t\t\t\t\t\t\t\t\t\t\t\t\t\t\t<\/div>\n\t\t\t\t<\/div>\n\t\t\t\t\t<\/div>\n\t\t<\/div>\n\t\t\t\t<div class=\"elementor-column elementor-col-50 elementor-top-column elementor-element elementor-element-ca95048\" data-id=\"ca95048\" data-element_type=\"column\" data-e-type=\"column\">\n\t\t\t<div class=\"elementor-widget-wrap elementor-element-populated\">\n\t\t\t\t\t\t<div class=\"elementor-element elementor-element-17fccb1 elementor-widget elementor-widget-spacer\" data-id=\"17fccb1\" data-element_type=\"widget\" data-e-type=\"widget\" data-widget_type=\"spacer.default\">\n\t\t\t\t<div class=\"elementor-widget-container\">\n\t\t\t\t\t\t\t<div class=\"elementor-spacer\">\n\t\t\t<div class=\"elementor-spacer-inner\"><\/div>\n\t\t<\/div>\n\t\t\t\t\t\t<\/div>\n\t\t\t\t<\/div>\n\t\t\t\t<div class=\"elementor-element elementor-element-f7e1ced elementor-widget elementor-widget-heading\" data-id=\"f7e1ced\" data-element_type=\"widget\" data-e-type=\"widget\" data-widget_type=\"heading.default\">\n\t\t\t\t<div class=\"elementor-widget-container\">\n\t\t\t\t\t<h2 class=\"elementor-heading-title elementor-size-default\">\u041a\u043e\u043d\u0441\u0443\u043b\u044c\u0442\u0430\u0446\u0438\u044f<\/h2>\t\t\t\t<\/div>\n\t\t\t\t<\/div>\n\t\t\t\t<div class=\"elementor-element elementor-element-953a5a3 elementor-widget elementor-widget-spacer\" data-id=\"953a5a3\" data-element_type=\"widget\" data-e-type=\"widget\" data-widget_type=\"spacer.default\">\n\t\t\t\t<div class=\"elementor-widget-container\">\n\t\t\t\t\t\t\t<div class=\"elementor-spacer\">\n\t\t\t<div class=\"elementor-spacer-inner\"><\/div>\n\t\t<\/div>\n\t\t\t\t\t\t<\/div>\n\t\t\t\t<\/div>\n\t\t\t\t<div class=\"elementor-element elementor-element-001f6aa elementor-widget elementor-widget-text-editor\" data-id=\"001f6aa\" data-element_type=\"widget\" data-e-type=\"widget\" data-widget_type=\"text-editor.default\">\n\t\t\t\t<div class=\"elementor-widget-container\">\n\t\t\t\t\t\t\t\t\t<p>\u041c\u044b \u043f\u0440\u0435\u0434\u043e\u0441\u0442\u0430\u0432\u043b\u044f\u0435\u043c \u043f\u0440\u043e\u0444\u0435\u0441\u0441\u0438\u043e\u043d\u0430\u043b\u044c\u043d\u044b\u0435 \u043a\u043e\u043d\u0441\u0443\u043b\u044c\u0442\u0430\u0446\u0438\u043e\u043d\u043d\u044b\u0435 \u0443\u0441\u043b\u0443\u0433\u0438, \u043a\u043e\u0442\u043e\u0440\u044b\u0435 \u043f\u043e\u043c\u043e\u0433\u0443\u0442 \u0432\u0430\u043c \u043d\u0430\u0439\u0442\u0438 \u043d\u0430\u0438\u043b\u0443\u0447\u0448\u0438\u0435 \u0440\u0435\u0448\u0435\u043d\u0438\u044f \u0434\u043b\u044f \u043e\u0431\u0443\u0441\u0442\u0440\u043e\u0439\u0441\u0442\u0432\u0430 \u0432\u0430\u0448\u0435\u0433\u043e \u0434\u043e\u043c\u0430 \u0438\u043b\u0438 \u043e\u0444\u0438\u0441\u0430. \u041d\u0430\u0448\u0438 \u043e\u043f\u044b\u0442\u043d\u044b\u0435 \u0441\u043f\u0435\u0446\u0438\u0430\u043b\u0438\u0441\u0442\u044b \u0433\u043e\u0442\u043e\u0432\u044b \u043f\u043e\u0434\u0435\u043b\u0438\u0442\u044c\u0441\u044f \u0441\u0432\u043e\u0438\u043c \u043e\u043f\u044b\u0442\u043e\u043c \u0438 \u0440\u0435\u043a\u043e\u043c\u0435\u043d\u0434\u0430\u0446\u0438\u044f\u043c\u0438, \u0447\u0442\u043e\u0431\u044b \u043f\u043e\u043c\u043e\u0447\u044c \u0432\u0430\u043c \u043e\u043f\u0440\u0435\u0434\u0435\u043b\u0438\u0442\u044c\u0441\u044f \u0441 \u0432\u0430\u0448\u0438\u043c\u0438 \u043a\u043e\u043d\u043a\u0440\u0435\u0442\u043d\u044b\u043c\u0438 \u043f\u043e\u0442\u0440\u0435\u0431\u043d\u043e\u0441\u0442\u044f\u043c\u0438 \u0438 \u043f\u0440\u0435\u0434\u043f\u043e\u0447\u0442\u0435\u043d\u0438\u044f\u043c\u0438 \u043f\u0440\u0438 \u0432\u044b\u0431\u043e\u0440\u0435 \u0448\u0442\u043e\u0440, \u0436\u0430\u043b\u044e\u0437\u0438 \u0438\u043b\u0438 \u0434\u0435\u043a\u043e\u0440\u0430\u0442\u0438\u0432\u043d\u043e\u0433\u043e \u043f\u0430\u0434\u0435\u0436\u0430.<\/p><p>\u0412\u043e \u0432\u0440\u0435\u043c\u044f \u043a\u043e\u043d\u0441\u0443\u043b\u044c\u0442\u0430\u0446\u0438\u0438 \u043c\u044b \u043f\u0440\u0438\u043c\u0435\u043c \u0432\u043e \u0432\u043d\u0438\u043c\u0430\u043d\u0438\u0435 \u043e\u0441\u043e\u0431\u0435\u043d\u043d\u043e\u0441\u0442\u0438 \u0432\u0430\u0448\u0435\u0433\u043e \u043f\u043e\u043c\u0435\u0449\u0435\u043d\u0438\u044f, \u0434\u0438\u0437\u0430\u0439\u043d \u0438 \u0431\u044e\u0434\u0436\u0435\u0442, \u0447\u0442\u043e\u0431\u044b \u0433\u0430\u0440\u0430\u043d\u0442\u0438\u0440\u043e\u0432\u0430\u0442\u044c, \u0447\u0442\u043e \u0432\u044b\u0431\u0440\u0430\u043d\u043d\u044b\u0435 \u0438\u0437\u0434\u0435\u043b\u0438\u044f \u0438\u0434\u0435\u0430\u043b\u044c\u043d\u043e \u0432\u043f\u0438\u0448\u0443\u0442\u0441\u044f \u0432 \u0432\u0430\u0448 \u0438\u043d\u0442\u0435\u0440\u044c\u0435\u0440. \u041d\u0430\u0448\u0430 \u0446\u0435\u043b\u044c - \u043e\u0431\u0435\u0441\u043f\u0435\u0447\u0438\u0442\u044c \u0438\u043d\u0434\u0438\u0432\u0438\u0434\u0443\u0430\u043b\u044c\u043d\u044b\u0439 \u043f\u043e\u0434\u0445\u043e\u0434 \u0438 \u0432\u044b\u0441\u043e\u043a\u043e\u043a\u0430\u0447\u0435\u0441\u0442\u0432\u0435\u043d\u043d\u044b\u0439 \u0441\u0435\u0440\u0432\u0438\u0441, \u043a\u043e\u0442\u043e\u0440\u044b\u0435 \u043f\u043e\u043c\u043e\u0433\u0443\u0442 \u0432\u0430\u043c \u0441\u043e\u0437\u0434\u0430\u0442\u044c \u0432\u0430\u0448\u0435 \u0441\u043e\u0431\u0441\u0442\u0432\u0435\u043d\u043d\u043e\u0435 \u043f\u0440\u043e\u0441\u0442\u0440\u0430\u043d\u0441\u0442\u0432\u043e \u0432 \u0436\u0435\u043b\u0430\u0435\u043c\u043e\u0439 \u0430\u0442\u043c\u043e\u0441\u0444\u0435\u0440\u0435 \u0438 \u0441\u0442\u0438\u043b\u0435.<\/p><p>\u00a0<\/p><hr \/><hr \/><hr \/><p>\u00a0<\/p><p><em>\u0415\u0441\u043b\u0438 \u0432\u044b \u0438\u0449\u0435\u0442\u0435 \u043f\u0440\u043e\u0444\u0435\u0441\u0441\u0438\u043e\u043d\u0430\u043b\u044c\u043d\u0443\u044e \u043a\u043e\u043d\u0441\u0443\u043b\u044c\u0442\u0430\u0446\u0438\u044e \u043f\u043e \u043e\u0444\u043e\u0440\u043c\u043b\u0435\u043d\u0438\u044e \u0432\u0430\u0448\u0435\u0433\u043e \u0434\u043e\u043c\u0430 \u0438\u043b\u0438 \u043e\u0444\u0438\u0441\u0430, \u0441\u0432\u044f\u0436\u0438\u0442\u0435\u0441\u044c \u0441 \u043d\u0430\u043c\u0438 \u0438 \u0437\u0430\u043a\u0430\u0436\u0438\u0442\u0435 \u043a\u043e\u043d\u0441\u0443\u043b\u044c\u0442\u0430\u0446\u0438\u044e \u0443 \u043d\u0430\u0448\u0438\u0445 \u0441\u043f\u0435\u0446\u0438\u0430\u043b\u0438\u0441\u0442\u043e\u0432!<\/em><\/p>\t\t\t\t\t\t\t\t<\/div>\n\t\t\t\t<\/div>\n\t\t\t\t\t<\/div>\n\t\t<\/div>\n\t\t\t\t\t<\/div>\n\t\t<\/section>\n\t\t\t\t<\/div>","protected":false},"excerpt":{"rendered":"<p>Konsultatsioon Pakume professionaalset konsultatsiooniteenust, mis aitab teil leida parimad lahendused oma kodu v\u00f5i kontori sisustamiseks. Meie kogenud spetsialistid on valmis jagama oma ekspertteadmisi ja soovitusi, et aidata teil valida just teie vajadustele ja eelistustele vastavad kardinad, rulood v\u00f5i dekoratiivpadjad. Konsultatsiooni k\u00e4igus v\u00f5tame arvesse teie ruumi erip\u00e4rasid, disainieelistusi ja eelarvet, et tagada, et valitud tooted sobivad [&hellip;]<\/p>\n","protected":false},"author":3,"featured_media":0,"parent":0,"menu_order":0,"comment_status":"closed","ping_status":"closed","template":"","meta":{"footnotes":""},"class_list":["post-9255","page","type-page","status-publish","hentry"],"_links":{"self":[{"href":"https:\/\/garditex.ee\/ru\/wp-json\/wp\/v2\/pages\/9255","targetHints":{"allow":["GET"]}}],"collection":[{"href":"https:\/\/garditex.ee\/ru\/wp-json\/wp\/v2\/pages"}],"about":[{"href":"https:\/\/garditex.ee\/ru\/wp-json\/wp\/v2\/types\/page"}],"author":[{"embeddable":true,"href":"https:\/\/garditex.ee\/ru\/wp-json\/wp\/v2\/users\/3"}],"replies":[{"embeddable":true,"href":"https:\/\/garditex.ee\/ru\/wp-json\/wp\/v2\/comments?post=9255"}],"version-history":[{"count":0,"href":"https:\/\/garditex.ee\/ru\/wp-json\/wp\/v2\/pages\/9255\/revisions"}],"wp:attachment":[{"href":"https:\/\/garditex.ee\/ru\/wp-json\/wp\/v2\/media?parent=9255"}],"curies":[{"name":"wp","href":"https:\/\/api.w.org\/{rel}","templated":true}]}}