{"id":9248,"date":"2023-06-22T19:36:47","date_gmt":"2023-06-22T19:36:47","guid":{"rendered":"https:\/\/garditex.ee\/?page_id=9248"},"modified":"2025-09-05T19:48:59","modified_gmt":"2025-09-05T19:48:59","slug":"ustanovka-karnizov-i-rulonnyh-shtor","status":"publish","type":"page","link":"https:\/\/garditex.ee\/ru\/kardinapuude-ja-ruloode-paigaldus\/","title":{"rendered":"\u0423\u0441\u0442\u0430\u043d\u043e\u0432\u043a\u0430 \u043a\u0430\u0440\u043d\u0438\u0437\u043e\u0432, \u0448\u0438\u043d\u0435\u043b\u0438 \u0438 \u0436\u0430\u043b\u044e\u0437\u0438"},"content":{"rendered":"\t\t<div data-elementor-type=\"wp-page\" data-elementor-id=\"9248\" class=\"elementor elementor-9248\">\n\t\t\t\t\t\t<section class=\"elementor-section elementor-top-section elementor-element elementor-element-cd1a2b3 elementor-section-boxed elementor-section-height-default elementor-section-height-default\" data-id=\"cd1a2b3\" data-element_type=\"section\" data-e-type=\"section\">\n\t\t\t\t\t\t<div class=\"elementor-container elementor-column-gap-default\">\n\t\t\t\t\t<div class=\"elementor-column elementor-col-100 elementor-top-column elementor-element elementor-element-62f7334\" data-id=\"62f7334\" data-element_type=\"column\" data-e-type=\"column\">\n\t\t\t<div class=\"elementor-widget-wrap elementor-element-populated\">\n\t\t\t\t\t\t<div class=\"elementor-element elementor-element-38db315 elementor-widget elementor-widget-spacer\" data-id=\"38db315\" data-element_type=\"widget\" data-e-type=\"widget\" data-widget_type=\"spacer.default\">\n\t\t\t\t<div class=\"elementor-widget-container\">\n\t\t\t\t\t\t\t<div class=\"elementor-spacer\">\n\t\t\t<div class=\"elementor-spacer-inner\"><\/div>\n\t\t<\/div>\n\t\t\t\t\t\t<\/div>\n\t\t\t\t<\/div>\n\t\t\t\t\t<\/div>\n\t\t<\/div>\n\t\t\t\t\t<\/div>\n\t\t<\/section>\n\t\t\t\t<section class=\"elementor-section elementor-top-section elementor-element elementor-element-b415e87 elementor-section-boxed elementor-section-height-default elementor-section-height-default\" data-id=\"b415e87\" data-element_type=\"section\" data-e-type=\"section\">\n\t\t\t\t\t\t<div class=\"elementor-container elementor-column-gap-default\">\n\t\t\t\t\t<div class=\"elementor-column elementor-col-50 elementor-top-column elementor-element elementor-element-40e384b\" data-id=\"40e384b\" data-element_type=\"column\" data-e-type=\"column\" data-settings=\"{&quot;background_background&quot;:&quot;classic&quot;}\">\n\t\t\t<div class=\"elementor-widget-wrap elementor-element-populated\">\n\t\t\t\t\t\t<div class=\"elementor-element elementor-element-970c62d elementor-widget elementor-widget-text-editor\" data-id=\"970c62d\" data-element_type=\"widget\" data-e-type=\"widget\" data-widget_type=\"text-editor.default\">\n\t\t\t\t<div class=\"elementor-widget-container\">\n\t\t\t\t\t\t\t\t\t<h3 style=\"text-align: left;\"><strong>Soovid t\u00e4psemat hinda?<\/strong><\/h3>\n<p style=\"text-align: left;\">Kirjuta meile oma soovist pood.garditex@gmail.com<br>v\u00f5i helista (E-R 10-18) +372 5801 5344<\/p>\n<p style=\"text-align: left;\">Kardinapuude, ruloode ja -siinide paigaldus alates 60\u20ac. <br><i>L\u00f5plik hind s\u00f5ltub t\u00f6\u00f6 keerukusest, materjalidest, paigaldusk\u00f5rgusest ja kinnitusalusest (nt betoon, kips, puit).&nbsp;<\/i><\/p>\t\t\t\t\t\t\t\t<\/div>\n\t\t\t\t<\/div>\n\t\t\t\t<div class=\"elementor-element elementor-element-c7db05f ten1 elementor-widget elementor-widget-image\" data-id=\"c7db05f\" data-element_type=\"widget\" data-e-type=\"widget\" data-widget_type=\"image.default\">\n\t\t\t\t<div class=\"elementor-widget-container\">\n\t\t\t\t\t\t\t\t\t\t\t\t\t\t\t<img fetchpriority=\"high\" decoding=\"async\" width=\"899\" height=\"899\" src=\"https:\/\/garditex.ee\/wp-content\/uploads\/2023\/06\/kardinate-paigaldus.png\" class=\"attachment-full size-full wp-image-9206 wvs-archive-product-image\" alt=\"\" srcset=\"https:\/\/garditex.ee\/wp-content\/uploads\/2023\/06\/kardinate-paigaldus.png 899w, https:\/\/garditex.ee\/wp-content\/uploads\/2023\/06\/kardinate-paigaldus-350x350.png 350w, https:\/\/garditex.ee\/wp-content\/uploads\/2023\/06\/kardinate-paigaldus-100x100.png 100w, https:\/\/garditex.ee\/wp-content\/uploads\/2023\/06\/kardinate-paigaldus-600x600.png 600w\" sizes=\"(max-width: 899px) 100vw, 899px\" \/>\t\t\t\t\t\t\t\t\t\t\t\t\t\t\t<\/div>\n\t\t\t\t<\/div>\n\t\t\t\t\t<\/div>\n\t\t<\/div>\n\t\t\t\t<div class=\"elementor-column elementor-col-50 elementor-top-column elementor-element elementor-element-ca95048\" data-id=\"ca95048\" data-element_type=\"column\" data-e-type=\"column\">\n\t\t\t<div class=\"elementor-widget-wrap elementor-element-populated\">\n\t\t\t\t\t\t<div class=\"elementor-element elementor-element-f7e1ced elementor-widget elementor-widget-heading\" data-id=\"f7e1ced\" data-element_type=\"widget\" data-e-type=\"widget\" data-widget_type=\"heading.default\">\n\t\t\t\t<div class=\"elementor-widget-container\">\n\t\t\t\t\t<h2 class=\"elementor-heading-title elementor-size-default\">Kardinapuude, -siinide ja ruloode paigaldamine<\/h2>\t\t\t\t<\/div>\n\t\t\t\t<\/div>\n\t\t\t\t<div class=\"elementor-element elementor-element-953a5a3 elementor-widget elementor-widget-spacer\" data-id=\"953a5a3\" data-element_type=\"widget\" data-e-type=\"widget\" data-widget_type=\"spacer.default\">\n\t\t\t\t<div class=\"elementor-widget-container\">\n\t\t\t\t\t\t\t<div class=\"elementor-spacer\">\n\t\t\t<div class=\"elementor-spacer-inner\"><\/div>\n\t\t<\/div>\n\t\t\t\t\t\t<\/div>\n\t\t\t\t<\/div>\n\t\t\t\t<div class=\"elementor-element elementor-element-001f6aa elementor-widget elementor-widget-text-editor\" data-id=\"001f6aa\" data-element_type=\"widget\" data-e-type=\"widget\" data-widget_type=\"text-editor.default\">\n\t\t\t\t<div class=\"elementor-widget-container\">\n\t\t\t\t\t\t\t\t\t<div class=\"flex flex-grow flex-col max-w-full\"><div class=\"min-h-[20px] text-message flex flex-col items-start whitespace-pre-wrap break-words [.text-message+&amp;]:mt-5 juice:w-full juice:items-end overflow-x-auto gap-2\" dir=\"auto\" data-message-author-role=\"assistant\" data-message-id=\"e6274b52-0f8b-4eae-bf7c-db7a1828ef73\"><div class=\"flex w-full flex-col gap-1 juice:empty:hidden juice:first:pt-[3px]\"><div class=\"markdown prose w-full break-words dark:prose-invert light\"><p><strong>Pakume professionaalset kardinate ja ruloode paigaldusteenust, mis on saadaval ainult meie poest ostetud toodetele.<\/strong><\/p><p>Meie kogemustega meeskond tagab kvaliteetse ja t\u00e4pse paigalduse, mis rahuldab ka k\u00f5ige n\u00f5udlikumaid kliente.<\/p><p><strong>Meie teenuse hulka kuulub <\/strong>nii <strong>konsultatsioon<\/strong> ja <strong>m\u00f5\u00f5tude v\u00f5tmine<\/strong>, mis aitab tagada, et kardinad v\u00f5i rulood sobivad t\u00e4pselt teie akende ja ruumi m\u00f5\u00f5tmetega. Meie kogenud spetsialistid aitavad klientidel valida sobivad kardinariided ja rulood vastavalt nende maitsele, interj\u00f6\u00f6ri stiilile ja eelarvele.<\/p><p><strong>Paigaldus<\/strong>e k\u00e4igus tagame k\u00f5ikide detailide t\u00e4pse kinnitamise, et tagada toodete ohutus ja pikaajaline vastupidavus. <b>Soovi korral<\/b> vanade kardinapuude, -siinide, ruloode <strong>demonteerimine.<\/strong><\/p><p><span style=\"font-family: var(--tb-text-primary-font);\">Pakume mitmesuguseid riputuss\u00fcsteeme, mis v\u00f5imaldavad kardinate ja ruloode paigaldamist erinevat t\u00fc\u00fcpi akendele ja ruumidele. Meie eesm\u00e4rk on pakkuda mitmek\u00fclgset teenust, mis vastab kliendi individuaalsetele vajadustele ja soovidele.<\/span><\/p><p><em>Lisaks kardinatele ja ruloodele v\u00f5ite meilt leida ka laia valiku voodipesu, dekoratiivpatju, vakstuid ja muid kodu ilu nipsasjakesi, mis aitavad t\u00e4iendada teie kodu v\u00f5i b\u00fcroo interj\u00f6\u00f6ri. Meie poe tootevalik ja professionaalne teenindus tagavad teile meeldiva ostukogemuse ning aitavad luua just sellise atmosf\u00e4\u00e4ri, mida olete alati soovinud oma ruumides kogeda.<\/em><\/p><\/div><\/div><\/div><\/div>\t\t\t\t\t\t\t\t<\/div>\n\t\t\t\t<\/div>\n\t\t\t\t\t<\/div>\n\t\t<\/div>\n\t\t\t\t\t<\/div>\n\t\t<\/section>\n\t\t\t\t<section class=\"elementor-section elementor-top-section elementor-element elementor-element-b3c32a5 elementor-section-boxed elementor-section-height-default elementor-section-height-default\" data-id=\"b3c32a5\" data-element_type=\"section\" data-e-type=\"section\">\n\t\t\t\t\t\t<div class=\"elementor-container elementor-column-gap-default\">\n\t\t\t\t\t<div class=\"elementor-column elementor-col-100 elementor-top-column elementor-element elementor-element-d512dd0\" data-id=\"d512dd0\" data-element_type=\"column\" data-e-type=\"column\">\n\t\t\t<div class=\"elementor-widget-wrap elementor-element-populated\">\n\t\t\t\t\t\t<div class=\"elementor-element elementor-element-8beeb2f elementor-widget elementor-widget-spacer\" data-id=\"8beeb2f\" data-element_type=\"widget\" data-e-type=\"widget\" data-widget_type=\"spacer.default\">\n\t\t\t\t<div class=\"elementor-widget-container\">\n\t\t\t\t\t\t\t<div class=\"elementor-spacer\">\n\t\t\t<div class=\"elementor-spacer-inner\"><\/div>\n\t\t<\/div>\n\t\t\t\t\t\t<\/div>\n\t\t\t\t<\/div>\n\t\t\t\t<div class=\"elementor-element elementor-element-b74fb73 elementor-widget elementor-widget-spacer\" data-id=\"b74fb73\" data-element_type=\"widget\" data-e-type=\"widget\" data-widget_type=\"spacer.default\">\n\t\t\t\t<div class=\"elementor-widget-container\">\n\t\t\t\t\t\t\t<div class=\"elementor-spacer\">\n\t\t\t<div class=\"elementor-spacer-inner\"><\/div>\n\t\t<\/div>\n\t\t\t\t\t\t<\/div>\n\t\t\t\t<\/div>\n\t\t\t\t\t<\/div>\n\t\t<\/div>\n\t\t\t\t\t<\/div>\n\t\t<\/section>\n\t\t\t\t<\/div>\n\t\t","protected":false},"excerpt":{"rendered":"<p>Soovid t\u00e4psemat hinda? Kirjuta meile oma soovist pood.garditex@gmail.comv\u00f5i helista (E-R 10-18) +372 5801 5344 Kardinapuude, ruloode ja -siinide paigaldus alates 60\u20ac. L\u00f5plik hind s\u00f5ltub t\u00f6\u00f6 keerukusest, materjalidest, paigaldusk\u00f5rgusest ja kinnitusalusest (nt betoon, kips, puit).&nbsp; Kardinapuude, -siinide ja ruloode paigaldamine Pakume professionaalset kardinate ja ruloode paigaldusteenust, mis on saadaval ainult meie poest ostetud toodetele. Meie kogemustega [&hellip;]<\/p>\n","protected":false},"author":3,"featured_media":0,"parent":0,"menu_order":0,"comment_status":"closed","ping_status":"closed","template":"","meta":{"footnotes":""},"class_list":["post-9248","page","type-page","status-publish","hentry"],"_links":{"self":[{"href":"https:\/\/garditex.ee\/ru\/wp-json\/wp\/v2\/pages\/9248","targetHints":{"allow":["GET"]}}],"collection":[{"href":"https:\/\/garditex.ee\/ru\/wp-json\/wp\/v2\/pages"}],"about":[{"href":"https:\/\/garditex.ee\/ru\/wp-json\/wp\/v2\/types\/page"}],"author":[{"embeddable":true,"href":"https:\/\/garditex.ee\/ru\/wp-json\/wp\/v2\/users\/3"}],"replies":[{"embeddable":true,"href":"https:\/\/garditex.ee\/ru\/wp-json\/wp\/v2\/comments?post=9248"}],"version-history":[{"count":1,"href":"https:\/\/garditex.ee\/ru\/wp-json\/wp\/v2\/pages\/9248\/revisions"}],"predecessor-version":[{"id":12730,"href":"https:\/\/garditex.ee\/ru\/wp-json\/wp\/v2\/pages\/9248\/revisions\/12730"}],"wp:attachment":[{"href":"https:\/\/garditex.ee\/ru\/wp-json\/wp\/v2\/media?parent=9248"}],"curies":[{"name":"wp","href":"https:\/\/api.w.org\/{rel}","templated":true}]}}