{"id":9221,"date":"2023-06-22T19:17:58","date_gmt":"2023-06-22T19:17:58","guid":{"rendered":"https:\/\/garditex.ee\/?page_id=9221"},"modified":"2025-04-27T20:51:16","modified_gmt":"2025-04-27T20:51:16","slug":"galereya","status":"publish","type":"page","link":"https:\/\/garditex.ee\/ru\/galerii\/","title":{"rendered":"\u0413\u0430\u043b\u0435\u0440\u0435\u044f"},"content":{"rendered":"<div data-elementor-type=\"wp-page\" data-elementor-id=\"9221\" class=\"elementor elementor-9221\">\n\t\t\t\t\t\t<section class=\"elementor-section elementor-top-section elementor-element elementor-element-2fb4253 elementor-section-boxed elementor-section-height-default elementor-section-height-default\" data-id=\"2fb4253\" data-element_type=\"section\" data-e-type=\"section\">\n\t\t\t\t\t\t<div class=\"elementor-container elementor-column-gap-default\">\n\t\t\t\t\t<div class=\"elementor-column elementor-col-50 elementor-top-column elementor-element elementor-element-d0bb4f7\" data-id=\"d0bb4f7\" data-element_type=\"column\" data-e-type=\"column\">\n\t\t\t<div class=\"elementor-widget-wrap elementor-element-populated\">\n\t\t\t\t\t\t<div class=\"elementor-element elementor-element-f626d30 elementor-widget elementor-widget-heading\" data-id=\"f626d30\" data-element_type=\"widget\" data-e-type=\"widget\" data-widget_type=\"heading.default\">\n\t\t\t\t<div class=\"elementor-widget-container\">\n\t\t\t\t\t<h2 class=\"elementor-heading-title elementor-size-default\">\u041f\u0440\u043e\u0434\u0435\u043b\u0430\u043d\u043d\u0430\u044f \u0440\u0430\u0431\u043e\u0442\u0430<\/h2>\t\t\t\t<\/div>\n\t\t\t\t<\/div>\n\t\t\t\t<div class=\"elementor-element elementor-element-177c880 elementor-widget elementor-widget-image-gallery\" data-id=\"177c880\" data-element_type=\"widget\" data-e-type=\"widget\" data-widget_type=\"image-gallery.default\">\n\t\t\t\t<div class=\"elementor-widget-container\">\n\t\t\t\t\t\t\t<div class=\"elementor-image-gallery\">\n\t\t\t\n\t\t<style type=\"text\/css\">\n\t\t\t#gallery-1 {\n\t\t\t\tmargin: auto;\n\t\t\t}\n\t\t\t#gallery-1 .gallery-item {\n\t\t\t\tfloat: left;\n\t\t\t\tmargin-top: 10px;\n\t\t\t\ttext-align: center;\n\t\t\t\twidth: 50%;\n\t\t\t}\n\t\t\t#gallery-1 img {\n\t\t\t\tborder: 2px solid #cfcfcf;\n\t\t\t}\n\t\t\t#gallery-1 .gallery-caption {\n\t\t\t\tmargin-left: 0;\n\t\t\t}\n\t\t\t\/* see gallery_shortcode() in wp-includes\/media.php *\/\n\t\t<\/style>\n\t\t<div id='gallery-1' class='gallery galleryid-9221 gallery-columns-2 gallery-size-380x380'><dl class='gallery-item'>\n\t\t\t<dt class='gallery-icon portrait'>\n\t\t\t\t<a data-elementor-open-lightbox=\"yes\" data-elementor-lightbox-slideshow=\"177c880\" data-elementor-lightbox-title=\"tellimustoo (23)\" data-e-action-hash=\"#elementor-action%3Aaction%3Dlightbox%26settings%3DeyJpZCI6MTE5NTEsInVybCI6Imh0dHBzOlwvXC9nYXJkaXRleC5lZVwvd3AtY29udGVudFwvdXBsb2Fkc1wvMjAyNVwvMDRcL3RlbGxpbXVzdG9vLTIzLXNjYWxlZC5qcGciLCJzbGlkZXNob3ciOiIxNzdjODgwIn0%3D\" href='https:\/\/garditex.ee\/wp-content\/uploads\/2025\/04\/tellimustoo-23-scaled.jpg'><img fetchpriority=\"high\" decoding=\"async\" width=\"380\" height=\"380\" src=\"https:\/\/garditex.ee\/wp-content\/uploads\/2025\/04\/tellimustoo-23-380x380.jpg\" class=\"attachment-380x380 size-380x380 wvs-archive-product-image\" alt=\"\" aria-describedby=\"gallery-1-11951\" srcset=\"https:\/\/garditex.ee\/wp-content\/uploads\/2025\/04\/tellimustoo-23-380x380.jpg 380w, https:\/\/garditex.ee\/wp-content\/uploads\/2025\/04\/tellimustoo-23-12x12.jpg 12w, https:\/\/garditex.ee\/wp-content\/uploads\/2025\/04\/tellimustoo-23-350x350.jpg 350w, https:\/\/garditex.ee\/wp-content\/uploads\/2025\/04\/tellimustoo-23-100x100.jpg 100w, https:\/\/garditex.ee\/wp-content\/uploads\/2025\/04\/tellimustoo-23-50x50.jpg 50w\" sizes=\"(max-width: 380px) 100vw, 380px\" \/><\/a>\n\t\t\t<\/dt>\n\t\t\t\t<dd class='wp-caption-text gallery-caption' id='gallery-1-11951'>\n\t\t\t\t\u041c\u0443\u0441\u0442\u0430\u043c\u044f\u044d, P\u00f6\u00f6rise \n\t\t\t\t<\/dd><\/dl><dl class='gallery-item'>\n\t\t\t<dt class='gallery-icon landscape'>\n\t\t\t\t<a data-elementor-open-lightbox=\"yes\" data-elementor-lightbox-slideshow=\"177c880\" data-elementor-lightbox-title=\"tellimustoo (15)\" data-e-action-hash=\"#elementor-action%3Aaction%3Dlightbox%26settings%3DeyJpZCI6MTE5NDMsInVybCI6Imh0dHBzOlwvXC9nYXJkaXRleC5lZVwvd3AtY29udGVudFwvdXBsb2Fkc1wvMjAyNVwvMDRcL3RlbGxpbXVzdG9vLTE1LXNjYWxlZC5qcGciLCJzbGlkZXNob3ciOiIxNzdjODgwIn0%3D\" href='https:\/\/garditex.ee\/wp-content\/uploads\/2025\/04\/tellimustoo-15-scaled.jpg'><img decoding=\"async\" width=\"380\" height=\"380\" src=\"https:\/\/garditex.ee\/wp-content\/uploads\/2025\/04\/tellimustoo-15-380x380.jpg\" class=\"attachment-380x380 size-380x380 wvs-archive-product-image\" alt=\"\" aria-describedby=\"gallery-1-11943\" srcset=\"https:\/\/garditex.ee\/wp-content\/uploads\/2025\/04\/tellimustoo-15-380x380.jpg 380w, https:\/\/garditex.ee\/wp-content\/uploads\/2025\/04\/tellimustoo-15-350x350.jpg 350w, https:\/\/garditex.ee\/wp-content\/uploads\/2025\/04\/tellimustoo-15-100x100.jpg 100w, https:\/\/garditex.ee\/wp-content\/uploads\/2025\/04\/tellimustoo-15-50x50.jpg 50w\" sizes=\"(max-width: 380px) 100vw, 380px\" \/><\/a>\n\t\t\t<\/dt>\n\t\t\t\t<dd class='wp-caption-text gallery-caption' id='gallery-1-11943'>\n\t\t\t\t\u041f\u0438\u0440\u0438\u0442\u0430, \u0440\u0435\u0437\u0438\u0434\u0435\u043d\u0446\u0438\u044f \u043f\u043e\u0441\u043b\u0430 \u0418\u043d\u0434\u0438\u0438\n\t\t\t\t<\/dd><\/dl><br style=\"clear: both\" \/>\n\t\t<\/div>\n\t\t<\/div>\n\t\t\t\t\t\t<\/div>\n\t\t\t\t<\/div>\n\t\t\t\t<div class=\"elementor-element elementor-element-0a52954 elementor-align-center elementor-widget elementor-widget-button\" data-id=\"0a52954\" data-element_type=\"widget\" data-e-type=\"widget\" data-widget_type=\"button.default\">\n\t\t\t\t<div class=\"elementor-widget-container\">\n\t\t\t\t\t\t\t\t\t<div class=\"elementor-button-wrapper\">\n\t\t\t\t\t<a class=\"elementor-button elementor-button-link elementor-size-sm\" href=\"https:\/\/garditex.ee\/ru\/gotovaya-produktsiya\/\">\n\t\t\t\t\t\t<span class=\"elementor-button-content-wrapper\">\n\t\t\t\t\t\t\t\t\t<span class=\"elementor-button-text\">\u041f\u043e\u043a\u0430\u0437\u0430\u0442\u044c \u0435\u0449\u0435<\/span>\n\t\t\t\t\t<\/span>\n\t\t\t\t\t<\/a>\n\t\t\t\t<\/div>\n\t\t\t\t\t\t\t\t<\/div>\n\t\t\t\t<\/div>\n\t\t\t\t\t<\/div>\n\t\t<\/div>\n\t\t\t\t<div class=\"elementor-column elementor-col-50 elementor-top-column elementor-element elementor-element-f24af75\" data-id=\"f24af75\" data-element_type=\"column\" data-e-type=\"column\">\n\t\t\t<div class=\"elementor-widget-wrap elementor-element-populated\">\n\t\t\t\t\t\t<div class=\"elementor-element elementor-element-56e9988 elementor-widget elementor-widget-heading\" data-id=\"56e9988\" data-element_type=\"widget\" data-e-type=\"widget\" data-widget_type=\"heading.default\">\n\t\t\t\t<div class=\"elementor-widget-container\">\n\t\t\t\t\t<h2 class=\"elementor-heading-title elementor-size-default\">\u041e\u0431\u0440\u0430\u0437\u0446\u044b<\/h2>\t\t\t\t<\/div>\n\t\t\t\t<\/div>\n\t\t\t\t<div class=\"elementor-element elementor-element-c5cb6f8 elementor-widget elementor-widget-image-gallery\" data-id=\"c5cb6f8\" data-element_type=\"widget\" data-e-type=\"widget\" data-widget_type=\"image-gallery.default\">\n\t\t\t\t<div class=\"elementor-widget-container\">\n\t\t\t\t\t\t\t<div class=\"elementor-image-gallery\">\n\t\t\t\n\t\t<style type=\"text\/css\">\n\t\t\t#gallery-2 {\n\t\t\t\tmargin: auto;\n\t\t\t}\n\t\t\t#gallery-2 .gallery-item {\n\t\t\t\tfloat: left;\n\t\t\t\tmargin-top: 10px;\n\t\t\t\ttext-align: center;\n\t\t\t\twidth: 50%;\n\t\t\t}\n\t\t\t#gallery-2 img {\n\t\t\t\tborder: 2px solid #cfcfcf;\n\t\t\t}\n\t\t\t#gallery-2 .gallery-caption {\n\t\t\t\tmargin-left: 0;\n\t\t\t}\n\t\t\t\/* see gallery_shortcode() in wp-includes\/media.php *\/\n\t\t<\/style>\n\t\t<div id='gallery-2' class='gallery galleryid-9221 gallery-columns-2 gallery-size-380x380'><dl class='gallery-item'>\n\t\t\t<dt class='gallery-icon landscape'>\n\t\t\t\t<a data-elementor-open-lightbox=\"yes\" data-elementor-lightbox-slideshow=\"c5cb6f8\" data-elementor-lightbox-title=\"tellimustoo (5)\" data-e-action-hash=\"#elementor-action%3Aaction%3Dlightbox%26settings%3DeyJpZCI6MTE5MzMsInVybCI6Imh0dHBzOlwvXC9nYXJkaXRleC5lZVwvd3AtY29udGVudFwvdXBsb2Fkc1wvMjAyNVwvMDRcL3RlbGxpbXVzdG9vLTUtc2NhbGVkLmpwZyIsInNsaWRlc2hvdyI6ImM1Y2I2ZjgifQ%3D%3D\" href='https:\/\/garditex.ee\/wp-content\/uploads\/2025\/04\/tellimustoo-5-scaled.jpg'><img decoding=\"async\" width=\"380\" height=\"380\" src=\"https:\/\/garditex.ee\/wp-content\/uploads\/2025\/04\/tellimustoo-5-380x380.jpg\" class=\"attachment-380x380 size-380x380 wvs-archive-product-image\" alt=\"\" aria-describedby=\"gallery-2-11933\" srcset=\"https:\/\/garditex.ee\/wp-content\/uploads\/2025\/04\/tellimustoo-5-380x380.jpg 380w, https:\/\/garditex.ee\/wp-content\/uploads\/2025\/04\/tellimustoo-5-350x350.jpg 350w, https:\/\/garditex.ee\/wp-content\/uploads\/2025\/04\/tellimustoo-5-100x100.jpg 100w, https:\/\/garditex.ee\/wp-content\/uploads\/2025\/04\/tellimustoo-5-50x50.jpg 50w\" sizes=\"(max-width: 380px) 100vw, 380px\" \/><\/a>\n\t\t\t<\/dt>\n\t\t\t\t<dd class='wp-caption-text gallery-caption' id='gallery-2-11933'>\n\t\t\t\t\u041f\u0440\u0438\u043c\u0435\u0440\n\t\t\t\t<\/dd><\/dl><dl class='gallery-item'>\n\t\t\t<dt class='gallery-icon landscape'>\n\t\t\t\t<a data-elementor-open-lightbox=\"yes\" data-elementor-lightbox-slideshow=\"c5cb6f8\" data-elementor-lightbox-title=\"tellimustoo (4)\" data-e-action-hash=\"#elementor-action%3Aaction%3Dlightbox%26settings%3DeyJpZCI6MTE5MzIsInVybCI6Imh0dHBzOlwvXC9nYXJkaXRleC5lZVwvd3AtY29udGVudFwvdXBsb2Fkc1wvMjAyNVwvMDRcL3RlbGxpbXVzdG9vLTQtc2NhbGVkLmpwZyIsInNsaWRlc2hvdyI6ImM1Y2I2ZjgifQ%3D%3D\" href='https:\/\/garditex.ee\/wp-content\/uploads\/2025\/04\/tellimustoo-4-scaled.jpg'><img loading=\"lazy\" decoding=\"async\" width=\"380\" height=\"380\" src=\"https:\/\/garditex.ee\/wp-content\/uploads\/2025\/04\/tellimustoo-4-380x380.jpg\" class=\"attachment-380x380 size-380x380 wvs-archive-product-image\" alt=\"\" aria-describedby=\"gallery-2-11932\" srcset=\"https:\/\/garditex.ee\/wp-content\/uploads\/2025\/04\/tellimustoo-4-380x380.jpg 380w, https:\/\/garditex.ee\/wp-content\/uploads\/2025\/04\/tellimustoo-4-350x350.jpg 350w, https:\/\/garditex.ee\/wp-content\/uploads\/2025\/04\/tellimustoo-4-100x100.jpg 100w, https:\/\/garditex.ee\/wp-content\/uploads\/2025\/04\/tellimustoo-4-50x50.jpg 50w\" sizes=\"(max-width: 380px) 100vw, 380px\" \/><\/a>\n\t\t\t<\/dt>\n\t\t\t\t<dd class='wp-caption-text gallery-caption' id='gallery-2-11932'>\n\t\t\t\t\u041f\u0440\u0438\u043c\u0435\u0440\n\t\t\t\t<\/dd><\/dl><br style=\"clear: both\" \/>\n\t\t<\/div>\n\t\t<\/div>\n\t\t\t\t\t\t<\/div>\n\t\t\t\t<\/div>\n\t\t\t\t<div class=\"elementor-element elementor-element-0f56629 elementor-align-center elementor-widget elementor-widget-button\" data-id=\"0f56629\" data-element_type=\"widget\" data-e-type=\"widget\" data-widget_type=\"button.default\">\n\t\t\t\t<div class=\"elementor-widget-container\">\n\t\t\t\t\t\t\t\t\t<div class=\"elementor-button-wrapper\">\n\t\t\t\t\t<a class=\"elementor-button elementor-button-link elementor-size-sm\" href=\"https:\/\/garditex.ee\/ru\/obraztsy\/\">\n\t\t\t\t\t\t<span class=\"elementor-button-content-wrapper\">\n\t\t\t\t\t\t\t\t\t<span class=\"elementor-button-text\">\u041f\u043e\u043a\u0430\u0437\u0430\u0442\u044c \u0435\u0449\u0435<\/span>\n\t\t\t\t\t<\/span>\n\t\t\t\t\t<\/a>\n\t\t\t\t<\/div>\n\t\t\t\t\t\t\t\t<\/div>\n\t\t\t\t<\/div>\n\t\t\t\t\t<\/div>\n\t\t<\/div>\n\t\t\t\t\t<\/div>\n\t\t<\/section>\n\t\t\t\t<\/div>","protected":false},"excerpt":{"rendered":"<p>Tehtud t\u00f6\u00f6d Mustam\u00e4e, P\u00f6\u00f6rise Pirita, India suursaadiku residents Vaata rohkem N\u00e4idised N\u00e4idiseks tehtu N\u00e4idiseks tehtu Vaata rohkem<\/p>","protected":false},"author":3,"featured_media":0,"parent":0,"menu_order":0,"comment_status":"closed","ping_status":"closed","template":"","meta":{"footnotes":""},"class_list":["post-9221","page","type-page","status-publish","hentry"],"_links":{"self":[{"href":"https:\/\/garditex.ee\/ru\/wp-json\/wp\/v2\/pages\/9221","targetHints":{"allow":["GET"]}}],"collection":[{"href":"https:\/\/garditex.ee\/ru\/wp-json\/wp\/v2\/pages"}],"about":[{"href":"https:\/\/garditex.ee\/ru\/wp-json\/wp\/v2\/types\/page"}],"author":[{"embeddable":true,"href":"https:\/\/garditex.ee\/ru\/wp-json\/wp\/v2\/users\/3"}],"replies":[{"embeddable":true,"href":"https:\/\/garditex.ee\/ru\/wp-json\/wp\/v2\/comments?post=9221"}],"version-history":[{"count":0,"href":"https:\/\/garditex.ee\/ru\/wp-json\/wp\/v2\/pages\/9221\/revisions"}],"wp:attachment":[{"href":"https:\/\/garditex.ee\/ru\/wp-json\/wp\/v2\/media?parent=9221"}],"curies":[{"name":"wp","href":"https:\/\/api.w.org\/{rel}","templated":true}]}}