{"id":8619,"date":"2021-09-26T20:40:29","date_gmt":"2021-09-26T20:40:29","guid":{"rendered":"https:\/\/garditex.ee\/poshiv-shtor\/"},"modified":"2025-02-26T23:48:48","modified_gmt":"2025-02-26T23:48:48","slug":"poshiv-shtor","status":"publish","type":"page","link":"https:\/\/garditex.ee\/ru\/kardinate-omblemine\/","title":{"rendered":"\u041f\u043e\u0448\u0438\u0432 \u0448\u0442\u043e\u0440"},"content":{"rendered":"<div data-elementor-type=\"wp-page\" data-elementor-id=\"8619\" class=\"elementor elementor-8619\">\n\t\t\t\t\t\t<section class=\"elementor-section elementor-top-section elementor-element elementor-element-cd1a2b3 elementor-section-boxed elementor-section-height-default elementor-section-height-default\" data-id=\"cd1a2b3\" data-element_type=\"section\" data-e-type=\"section\">\n\t\t\t\t\t\t<div class=\"elementor-container elementor-column-gap-default\">\n\t\t\t\t\t<div class=\"elementor-column elementor-col-100 elementor-top-column elementor-element elementor-element-62f7334\" data-id=\"62f7334\" data-element_type=\"column\" data-e-type=\"column\">\n\t\t\t<div class=\"elementor-widget-wrap elementor-element-populated\">\n\t\t\t\t\t\t<div class=\"elementor-element elementor-element-38db315 elementor-widget elementor-widget-spacer\" data-id=\"38db315\" data-element_type=\"widget\" data-e-type=\"widget\" data-widget_type=\"spacer.default\">\n\t\t\t\t<div class=\"elementor-widget-container\">\n\t\t\t\t\t\t\t<div class=\"elementor-spacer\">\n\t\t\t<div class=\"elementor-spacer-inner\"><\/div>\n\t\t<\/div>\n\t\t\t\t\t\t<\/div>\n\t\t\t\t<\/div>\n\t\t\t\t\t<\/div>\n\t\t<\/div>\n\t\t\t\t\t<\/div>\n\t\t<\/section>\n\t\t\t\t<section class=\"elementor-section elementor-top-section elementor-element elementor-element-b415e87 elementor-section-boxed elementor-section-height-default elementor-section-height-default\" data-id=\"b415e87\" data-element_type=\"section\" data-e-type=\"section\">\n\t\t\t\t\t\t<div class=\"elementor-container elementor-column-gap-default\">\n\t\t\t\t\t<div class=\"elementor-column elementor-col-50 elementor-top-column elementor-element elementor-element-40e384b\" data-id=\"40e384b\" data-element_type=\"column\" data-e-type=\"column\" data-settings=\"{&quot;background_background&quot;:&quot;classic&quot;}\">\n\t\t\t<div class=\"elementor-widget-wrap elementor-element-populated\">\n\t\t\t\t\t\t<div class=\"elementor-element elementor-element-4554b60 ten1 elementor-widget elementor-widget-image\" data-id=\"4554b60\" data-element_type=\"widget\" data-e-type=\"widget\" data-widget_type=\"image.default\">\n\t\t\t\t<div class=\"elementor-widget-container\">\n\t\t\t\t\t\t\t\t\t\t\t\t\t\t\t<img fetchpriority=\"high\" decoding=\"async\" width=\"2560\" height=\"1501\" src=\"https:\/\/garditex.ee\/wp-content\/uploads\/2025\/02\/omblemine-scaled.jpg\" class=\"attachment-full size-full wp-image-10903 wvs-archive-product-image\" alt=\"\" srcset=\"https:\/\/garditex.ee\/wp-content\/uploads\/2025\/02\/omblemine-scaled.jpg 2560w, https:\/\/garditex.ee\/wp-content\/uploads\/2025\/02\/omblemine-scaled-600x352.jpg 600w\" sizes=\"(max-width: 2560px) 100vw, 2560px\" \/>\t\t\t\t\t\t\t\t\t\t\t\t\t\t\t<\/div>\n\t\t\t\t<\/div>\n\t\t\t\t<div class=\"elementor-element elementor-element-c7db05f ten1 elementor-widget elementor-widget-image\" data-id=\"c7db05f\" data-element_type=\"widget\" data-e-type=\"widget\" data-widget_type=\"image.default\">\n\t\t\t\t<div class=\"elementor-widget-container\">\n\t\t\t\t\t\t\t\t\t\t\t\t\t\t\t<img decoding=\"async\" src=\"https:\/\/garditex.ee\/wp-content\/uploads\/2021\/09\/123.jpg\" title=\"\" alt=\"\" loading=\"lazy\" \/>\t\t\t\t\t\t\t\t\t\t\t\t\t\t\t<\/div>\n\t\t\t\t<\/div>\n\t\t\t\t\t<\/div>\n\t\t<\/div>\n\t\t\t\t<div class=\"elementor-column elementor-col-50 elementor-top-column elementor-element elementor-element-ca95048\" data-id=\"ca95048\" data-element_type=\"column\" data-e-type=\"column\">\n\t\t\t<div class=\"elementor-widget-wrap elementor-element-populated\">\n\t\t\t\t\t\t<div class=\"elementor-element elementor-element-17fccb1 elementor-widget elementor-widget-spacer\" data-id=\"17fccb1\" data-element_type=\"widget\" data-e-type=\"widget\" data-widget_type=\"spacer.default\">\n\t\t\t\t<div class=\"elementor-widget-container\">\n\t\t\t\t\t\t\t<div class=\"elementor-spacer\">\n\t\t\t<div class=\"elementor-spacer-inner\"><\/div>\n\t\t<\/div>\n\t\t\t\t\t\t<\/div>\n\t\t\t\t<\/div>\n\t\t\t\t<div class=\"elementor-element elementor-element-f7e1ced elementor-widget elementor-widget-heading\" data-id=\"f7e1ced\" data-element_type=\"widget\" data-e-type=\"widget\" data-widget_type=\"heading.default\">\n\t\t\t\t<div class=\"elementor-widget-container\">\n\t\t\t\t\t<h2 class=\"elementor-heading-title elementor-size-default\">\u041f\u043e\u0448\u0438\u0432 \u0448\u0442\u043e\u0440 <\/h2>\t\t\t\t<\/div>\n\t\t\t\t<\/div>\n\t\t\t\t<div class=\"elementor-element elementor-element-953a5a3 elementor-widget elementor-widget-spacer\" data-id=\"953a5a3\" data-element_type=\"widget\" data-e-type=\"widget\" data-widget_type=\"spacer.default\">\n\t\t\t\t<div class=\"elementor-widget-container\">\n\t\t\t\t\t\t\t<div class=\"elementor-spacer\">\n\t\t\t<div class=\"elementor-spacer-inner\"><\/div>\n\t\t<\/div>\n\t\t\t\t\t\t<\/div>\n\t\t\t\t<\/div>\n\t\t\t\t<div class=\"elementor-element elementor-element-001f6aa elementor-widget elementor-widget-text-editor\" data-id=\"001f6aa\" data-element_type=\"widget\" data-e-type=\"widget\" data-widget_type=\"text-editor.default\">\n\t\t\t\t<div class=\"elementor-widget-container\">\n\t\t\t\t\t\t\t\t\t<p>\u041d\u0430\u0448\u0430 \u0441\u0442\u0443\u0434\u0438\u044f \u043f\u043e\u0434\u0433\u043e\u0442\u043e\u0432\u0438\u0442 \u0432\u0441\u0435 \u0432\u0438\u0434\u044b \u043a\u0440\u0430\u0441\u0438\u0432\u044b\u0445 \u0438 \u043f\u0440\u0430\u043a\u0442\u0438\u0447\u043d\u044b\u0445 \u0448\u0442\u043e\u0440, \u043a\u043e\u0442\u043e\u0440\u044b\u0435 \u0438\u0434\u0435\u0430\u043b\u044c\u043d\u043e \u0432\u043f\u0438\u0448\u0443\u0442\u0441\u044f \u0432 \u043b\u044e\u0431\u043e\u0439 \u0438\u043d\u0442\u0435\u0440\u044c\u0435\u0440 \u2013 \u0431\u0443\u0434\u044c \u0442\u043e \u043f\u0440\u0438\u0445\u043e\u0436\u0430\u044f, \u0441\u043f\u0430\u043b\u044c\u043d\u044f, \u0434\u0435\u0442\u0441\u043a\u0430\u044f, \u043a\u0443\u0445\u043d\u044f \u0438\u043b\u0438 \u043a\u0430\u0431\u0438\u043d\u0435\u0442.<\/p><p><strong>\u041e\u043f\u044b\u0442\u043d\u044b\u0435 \u0448\u0432\u0435\u0438 \u043f\u043e \u043f\u043e\u0448\u0438\u0432\u0443 \u0448\u0442\u043e\u0440 \u0433\u0430\u0440\u0430\u043d\u0442\u0438\u0440\u0443\u044e\u0442, \u0447\u0442\u043e \u0448\u0442\u043e\u0440\u044b \u0431\u0443\u0434\u0443\u0442 \u0438\u0437\u0433\u043e\u0442\u043e\u0432\u043b\u0435\u043d\u044b \u043a\u0430\u0447\u0435\u0441\u0442\u0432\u0435\u043d\u043d\u043e, \u0442\u043e\u0447\u043d\u043e \u043f\u043e \u0432\u0430\u0448\u0435\u043c\u0443 \u0434\u0438\u0437\u0430\u0439\u043d\u0443 \u0438 \u0432 \u0441\u043e\u0433\u043b\u0430\u0441\u043e\u0432\u0430\u043d\u043d\u044b\u0435 \u0441\u0440\u043e\u043a\u0438.<\/strong><\/p><p><span style=\"text-decoration: underline;\">\u0428\u0442\u043e\u0440\u044b, \u0441\u0448\u0438\u0442\u044b\u0435 \u043f\u043e \u0438\u043d\u0434\u0438\u0432\u0438\u0434\u0443\u0430\u043b\u044c\u043d\u043e\u043c\u0443 \u0437\u0430\u043a\u0430\u0437\u0443<\/span> \u043f\u043e\u0437\u0432\u043e\u043b\u044f\u044f \u0432\u0430\u043c \u043d\u0430\u0441\u0442\u0440\u0430\u0438\u0432\u0430\u0442\u044c \u0438\u0445 \u0434\u043b\u044f \u043e\u043a\u043e\u043d, \u043a\u043e\u0442\u043e\u0440\u044b\u0435 \u0441\u0442\u0430\u043d\u0434\u0430\u0440\u0442\u043d\u043e \u043e\u0442\u043b\u0438\u0447\u0430\u044e\u0442\u0441\u044f \u0434\u0440\u0443\u0433 \u043e\u0442 \u0434\u0440\u0443\u0433\u0430 \u0441\u0432\u043e\u0435\u0439 \u0444\u043e\u0440\u043c\u043e\u0439, \u0432\u044b\u0441\u043e\u0442\u043e\u0439 \u0438\u043b\u0438 \u0448\u0438\u0440\u0438\u043d\u043e\u0439 \u0440\u0430\u043c\u043e\u043a. \u041c\u044b \u0442\u0430\u043a\u0436\u0435 \u043f\u0440\u0435\u0434\u043b\u0430\u0433\u0430\u0435\u043c <span style=\"text-decoration: underline;\">\u0431\u044b\u0441\u0442\u0440\u044b\u0439 \u0437\u0430\u043a\u0430\u0437<\/span> \u0432\u0430\u0440\u0438\u0430\u043d\u0442 \u0438\u0441\u043f\u043e\u043b\u043d\u0435\u043d\u0438\u044f, \u0435\u0441\u043b\u0438 \u0432\u0430\u043c \u043d\u0443\u0436\u043d\u044b \u0448\u0442\u043e\u0440\u044b \u0431\u044b\u0441\u0442\u0440\u043e.<\/p><p>\u041c\u044b \u0441\u043e\u0442\u0440\u0443\u0434\u043d\u0438\u0447\u0430\u0435\u043c \u043a\u0430\u043a \u0441 \u0447\u0430\u0441\u0442\u043d\u044b\u043c\u0438, \u0442\u0430\u043a \u0438 \u0441 \u0434\u0435\u043b\u043e\u0432\u044b\u043c\u0438 \u0437\u0430\u043a\u0430\u0437\u0447\u0438\u043a\u0430\u043c\u0438, \u043f\u0440\u0435\u0434\u043b\u0430\u0433\u0430\u044f \u0443\u0441\u043b\u0443\u0433\u0438 \u043f\u043e \u043f\u043e\u0448\u0438\u0432\u0443 \u0448\u0442\u043e\u0440 \u043d\u0430 \u0437\u0430\u043a\u0430\u0437, \u0447\u0442\u043e \u043f\u043e\u0437\u0432\u043e\u043b\u044f\u0435\u0442 \u0432\u0430\u043c \u043e\u0444\u043e\u0440\u043c\u0438\u0442\u044c \u0432\u0430\u0448\u0438 \u043e\u043a\u043d\u0430 \u0432 \u0442\u043e\u0447\u043d\u043e\u043c \u0441\u043e\u043e\u0442\u0432\u0435\u0442\u0441\u0442\u0432\u0438\u0438 \u0441 \u0432\u0430\u0448\u0438\u043c \u043b\u0438\u0447\u043d\u044b\u043c \u0441\u0442\u0438\u043b\u0435\u043c \u0438 \u0441\u0434\u0435\u043b\u0430\u0442\u044c \u043f\u0440\u043e\u0441\u0442\u0440\u0430\u043d\u0441\u0442\u0432\u043e \u0443\u043d\u0438\u043a\u0430\u043b\u044c\u043d\u044b\u043c.<\/p><hr \/><hr \/><hr \/><p><em>\u0427\u0442\u043e\u0431\u044b \u043e\u0444\u043e\u0440\u043c\u0438\u0442\u044c \u0437\u0430\u043a\u0430\u0437, \u0432\u044b \u043c\u043e\u0436\u0435\u0442\u0435 \u0441\u0432\u044f\u0437\u0430\u0442\u044c\u0441\u044f \u043f\u043e \u043f\u043e\u0447\u0442\u0435 \u0438\u043b\u0438 \u043f\u043e\u0441\u0435\u0442\u0438\u0442\u044c \u043e\u0434\u0438\u043d \u0438\u0437 \u043d\u0430\u0448\u0438\u0445 \u043c\u0430\u0433\u0430\u0437\u0438\u043d\u043e\u0432.<\/em><\/p>\t\t\t\t\t\t\t\t<\/div>\n\t\t\t\t<\/div>\n\t\t\t\t\t<\/div>\n\t\t<\/div>\n\t\t\t\t\t<\/div>\n\t\t<\/section>\n\t\t\t\t<section class=\"elementor-section elementor-top-section elementor-element elementor-element-b3c32a5 elementor-section-boxed elementor-section-height-default elementor-section-height-default\" data-id=\"b3c32a5\" data-element_type=\"section\" data-e-type=\"section\">\n\t\t\t\t\t\t<div class=\"elementor-container elementor-column-gap-default\">\n\t\t\t\t\t<div class=\"elementor-column elementor-col-100 elementor-top-column elementor-element elementor-element-d512dd0\" data-id=\"d512dd0\" data-element_type=\"column\" data-e-type=\"column\">\n\t\t\t<div class=\"elementor-widget-wrap elementor-element-populated\">\n\t\t\t\t\t\t<div class=\"elementor-element elementor-element-8beeb2f elementor-widget elementor-widget-spacer\" data-id=\"8beeb2f\" data-element_type=\"widget\" data-e-type=\"widget\" data-widget_type=\"spacer.default\">\n\t\t\t\t<div class=\"elementor-widget-container\">\n\t\t\t\t\t\t\t<div class=\"elementor-spacer\">\n\t\t\t<div class=\"elementor-spacer-inner\"><\/div>\n\t\t<\/div>\n\t\t\t\t\t\t<\/div>\n\t\t\t\t<\/div>\n\t\t\t\t<div class=\"elementor-element elementor-element-b74fb73 elementor-widget elementor-widget-spacer\" data-id=\"b74fb73\" data-element_type=\"widget\" data-e-type=\"widget\" data-widget_type=\"spacer.default\">\n\t\t\t\t<div class=\"elementor-widget-container\">\n\t\t\t\t\t\t\t<div class=\"elementor-spacer\">\n\t\t\t<div class=\"elementor-spacer-inner\"><\/div>\n\t\t<\/div>\n\t\t\t\t\t\t<\/div>\n\t\t\t\t<\/div>\n\t\t\t\t\t<\/div>\n\t\t<\/div>\n\t\t\t\t\t<\/div>\n\t\t<\/section>\n\t\t\t\t<\/div>","protected":false},"excerpt":{"rendered":"<p>Kardinate \u00f5mblemine eritellimusel Meie ateljee valmistab igat t\u00fc\u00fcpi ilusaid ja praktilisi kardinaid, mis sobivad suurep\u00e4raselt mistahes interj\u00f6\u00f6ri &#8211; olgu selleks siis saal, magamistuba, lastetuba, k\u00f6\u00f6k v\u00f5i t\u00f6\u00f6kabinet. Kogenud kardina\u00f5mblejad tagavad, et kardinad valmivad kvaliteetselt ja t\u00e4pselt teie soovitud disaini j\u00e4rgi ning kokkulepitud t\u00e4htajaks. Kardinaid \u00f5mmeldakse individuaalm\u00f5\u00f5tude j\u00e4rgi, v\u00f5imaldades kohandada neid akendele, mis erinevad standardm\u00f5\u00f5tudest oma [&hellip;]<\/p>\n","protected":false},"author":3,"featured_media":0,"parent":0,"menu_order":0,"comment_status":"closed","ping_status":"closed","template":"","meta":{"footnotes":""},"class_list":["post-8619","page","type-page","status-publish","hentry"],"_links":{"self":[{"href":"https:\/\/garditex.ee\/ru\/wp-json\/wp\/v2\/pages\/8619","targetHints":{"allow":["GET"]}}],"collection":[{"href":"https:\/\/garditex.ee\/ru\/wp-json\/wp\/v2\/pages"}],"about":[{"href":"https:\/\/garditex.ee\/ru\/wp-json\/wp\/v2\/types\/page"}],"author":[{"embeddable":true,"href":"https:\/\/garditex.ee\/ru\/wp-json\/wp\/v2\/users\/3"}],"replies":[{"embeddable":true,"href":"https:\/\/garditex.ee\/ru\/wp-json\/wp\/v2\/comments?post=8619"}],"version-history":[{"count":0,"href":"https:\/\/garditex.ee\/ru\/wp-json\/wp\/v2\/pages\/8619\/revisions"}],"wp:attachment":[{"href":"https:\/\/garditex.ee\/ru\/wp-json\/wp\/v2\/media?parent=8619"}],"curies":[{"name":"wp","href":"https:\/\/api.w.org\/{rel}","templated":true}]}}