{"id":8108,"date":"2017-11-11T04:43:48","date_gmt":"2017-11-11T04:43:48","guid":{"rendered":"https:\/\/garditex.ee\/contact-us\/"},"modified":"2025-02-22T23:00:21","modified_gmt":"2025-02-22T23:00:21","slug":"kontakt","status":"publish","type":"page","link":"https:\/\/garditex.ee\/ru\/kontakt\/","title":{"rendered":"\u041a\u043e\u043d\u0442\u0430\u043a\u0442\u044b"},"content":{"rendered":"<div data-elementor-type=\"wp-page\" data-elementor-id=\"8108\" class=\"elementor elementor-8108\">\n\t\t\t\t\t\t<section class=\"elementor-section elementor-top-section elementor-element elementor-element-2cdaa34 elementor-section-boxed elementor-section-height-default elementor-section-height-default\" data-id=\"2cdaa34\" data-element_type=\"section\" data-e-type=\"section\">\n\t\t\t\t\t\t<div class=\"elementor-container elementor-column-gap-default\">\n\t\t\t\t\t<div class=\"elementor-column elementor-col-100 elementor-top-column elementor-element elementor-element-0be7f5a\" data-id=\"0be7f5a\" data-element_type=\"column\" data-e-type=\"column\">\n\t\t\t<div class=\"elementor-widget-wrap elementor-element-populated\">\n\t\t\t\t\t\t<div class=\"elementor-element elementor-element-3953f9c elementor-widget elementor-widget-spacer\" data-id=\"3953f9c\" data-element_type=\"widget\" data-e-type=\"widget\" data-widget_type=\"spacer.default\">\n\t\t\t\t<div class=\"elementor-widget-container\">\n\t\t\t\t\t\t\t<div class=\"elementor-spacer\">\n\t\t\t<div class=\"elementor-spacer-inner\"><\/div>\n\t\t<\/div>\n\t\t\t\t\t\t<\/div>\n\t\t\t\t<\/div>\n\t\t\t\t\t<\/div>\n\t\t<\/div>\n\t\t\t\t\t<\/div>\n\t\t<\/section>\n\t\t\t\t<section class=\"elementor-section elementor-top-section elementor-element elementor-element-d9d3fea elementor-section-stretched elementor-section-boxed elementor-section-height-default elementor-section-height-default\" data-id=\"d9d3fea\" data-element_type=\"section\" data-e-type=\"section\" data-settings=\"{&quot;stretch_section&quot;:&quot;section-stretched&quot;}\">\n\t\t\t\t\t\t<div class=\"elementor-container elementor-column-gap-default\">\n\t\t\t\t\t<div class=\"elementor-column elementor-col-50 elementor-top-column elementor-element elementor-element-51f37481\" data-id=\"51f37481\" data-element_type=\"column\" data-e-type=\"column\">\n\t\t\t<div class=\"elementor-widget-wrap elementor-element-populated\">\n\t\t\t\t\t\t<div class=\"elementor-element elementor-element-41b9ba5 elementor-widget elementor-widget-text-editor\" data-id=\"41b9ba5\" data-element_type=\"widget\" data-e-type=\"widget\" data-widget_type=\"text-editor.default\">\n\t\t\t\t<div class=\"elementor-widget-container\">\n\t\t\t\t\t\t\t\t\t<div style=\"background-color: #f1f1f1; padding: 20px; border-radius: 8px; box-shadow: 0 4px 8px rgba(0, 0, 0, 0.1); font-family: Arial, sans-serif; max-width: 500px; margin: 0 auto;\">\n  <h3 style=\"color: #333; margin-bottom: 10px;\">\ud83d\udccd \u0410\u0434\u0440\u0435\u0441 \u043c\u0430\u0433\u0430\u0437\u0438\u043d\u0430 \u0432 \u041b\u0430\u0441\u043d\u0430\u043c\u044f\u044d<\/h3>\n  <p style=\"color: #666; font-size: 16px;\">\u041c\u0430\u0442\u0440\u0430 1, \u0422\u0430\u043b\u043b\u0438\u043d\u043d<br>\u0426\u0435\u043d\u0442\u0440 \u041c\u0443\u0441\u0442\u0430\u043a\u0438\u0432\u0438, 2 \u044d\u0442\u0430\u0436<\/p>\n  <p style=\"color: #666; font-size: 16px;\"><strong>\ud83d\udd52 \u041e\u0442\u043a\u0440\u044b\u0442\u044b:<\/strong> \u041f\u041d\u2013\u0421\u0411: 10:00-20:00<br>\u0412\u0441 10:00 - 18:00<\/p>\n  <p style=\"color: #666; font-size: 16px;\"><strong>\u2709\ufe0f \u042d\u043b\u0435\u043a\u0442\u0440\u043e\u043d\u043d\u0430\u044f\u043f\u043e\u0447\u0442\u0430:<\/strong> <a href=\"mailto:pood.garditex@gmail.com\" style=\"color: #333; text-decoration: none;\">pood.garditex@gmail.com<\/a><\/p>\n  <p style=\"color: #666; font-size: 16px;\"><strong>\u0422\u0435\u043b\u0435\u0444\u043e\u043d \ud83d\udcde :<\/strong> <a href=\"tel:+37258015344\" style=\"color: #333; text-decoration: none;\">(+372) 58015344<\/a><\/p>\n<\/div>\n\t\t\t\t\t\t\t\t<\/div>\n\t\t\t\t<\/div>\n\t\t\t\t\t<\/div>\n\t\t<\/div>\n\t\t\t\t<div class=\"elementor-column elementor-col-50 elementor-top-column elementor-element elementor-element-1f448b3f\" data-id=\"1f448b3f\" data-element_type=\"column\" data-e-type=\"column\">\n\t\t\t<div class=\"elementor-widget-wrap elementor-element-populated\">\n\t\t\t\t\t\t<div class=\"elementor-element elementor-element-591a0f34 elementor-widget elementor-widget-google_maps\" data-id=\"591a0f34\" data-element_type=\"widget\" data-e-type=\"widget\" data-widget_type=\"google_maps.default\">\n\t\t\t\t<div class=\"elementor-widget-container\">\n\t\t\t\t\t\t\t<div class=\"elementor-custom-embed\">\n\t\t\t<iframe loading=\"lazy\"\n\t\t\t\t\tsrc=\"https:\/\/maps.google.com\/maps?q=Mahtra%201%2C%20Tallinn&#038;t=m&#038;z=10&#038;output=embed&#038;iwloc=near\"\n\t\t\t\t\ttitle=\"\u041c\u0430\u0442\u0440\u0430 1, \u0422\u0430\u043b\u043b\u0438\u043d\u043d\"\n\t\t\t\t\taria-label=\"\u041c\u0430\u0442\u0440\u0430 1, \u0422\u0430\u043b\u043b\u0438\u043d\u043d\"\n\t\t\t><\/iframe>\n\t\t<\/div>\n\t\t\t\t\t\t<\/div>\n\t\t\t\t<\/div>\n\t\t\t\t\t<\/div>\n\t\t<\/div>\n\t\t\t\t\t<\/div>\n\t\t<\/section>\n\t\t\t\t<section class=\"elementor-section elementor-top-section elementor-element elementor-element-dbe2aa7 elementor-section-stretched elementor-section-boxed elementor-section-height-default elementor-section-height-default\" data-id=\"dbe2aa7\" data-element_type=\"section\" data-e-type=\"section\" data-settings=\"{&quot;stretch_section&quot;:&quot;section-stretched&quot;}\">\n\t\t\t\t\t\t<div class=\"elementor-container elementor-column-gap-default\">\n\t\t\t\t\t<div class=\"elementor-column elementor-col-50 elementor-top-column elementor-element elementor-element-2add7d7\" data-id=\"2add7d7\" data-element_type=\"column\" data-e-type=\"column\">\n\t\t\t<div class=\"elementor-widget-wrap elementor-element-populated\">\n\t\t\t\t\t\t<div class=\"elementor-element elementor-element-a7f9f0c elementor-widget elementor-widget-text-editor\" data-id=\"a7f9f0c\" data-element_type=\"widget\" data-e-type=\"widget\" data-widget_type=\"text-editor.default\">\n\t\t\t\t<div class=\"elementor-widget-container\">\n\t\t\t\t\t\t\t\t\t<div style=\"background-color: #fdf4c2; padding: 20px; border-radius: 8px; box-shadow: 0 4px 8px rgba(0, 0, 0, 0.1); font-family: Arial, sans-serif; max-width: 500px; margin: 0 auto;\">\n  <h3 style=\"color: #333; margin-bottom: 10px;\">\ud83d\udccd \u0410\u0434\u0440\u0435\u0441 \u043c\u0430\u0433\u0430\u0437\u0438\u043d\u0430 \u0432 \u042b\u0439\u0441\u043c\u044f\u044d<\/h3>\n  <p style=\"color: #666; font-size: 16px;\">\u042b\u0439\u0441\u043c\u044f\u044d \u0442\u0435\u044d 107a, \u0422\u0430\u043b\u043b\u0438\u043d\u043d<br>\u0416\u0435\u043b\u0442\u044b\u0439 \u0446\u0435\u043d\u0442\u0440, 2 \u044d\u0442\u0430\u0436<\/p>\n  <p style=\"color: #666; font-size: 16px;\"><strong>\ud83d\udd52 \u041e\u0442\u043a\u0440\u044b\u0442\u044b:<\/strong> \u041f\u041d\u2013\u041f\u0422: 10:00-19:00<br>\u0421\u0431 10:00 - 18:00<br>\u0412\u0441: 10:00-17:00<\/p>\n  <p style=\"color: #666; font-size: 16px;\"><strong>\u2709\ufe0f \u042d\u043b\u0435\u043a\u0442\u0440\u043e\u043d\u043d\u0430\u044f\u043f\u043e\u0447\u0442\u0430:<\/strong> <a href=\"mailto:pood.garditex@gmail.com\" style=\"color: #333; text-decoration: none;\">pood.garditex@gmail.com<\/a><\/p>\n  <p style=\"color: #666; font-size: 16px;\"><strong>\u0422\u0435\u043b\u0435\u0444\u043e\u043d \ud83d\udcde :<\/strong> <a href=\"tel:+37258015344\" style=\"color: #333; text-decoration: none;\">(+372) 58015344<\/a><\/p>\n<\/div>\n\t\t\t\t\t\t\t\t<\/div>\n\t\t\t\t<\/div>\n\t\t\t\t\t<\/div>\n\t\t<\/div>\n\t\t\t\t<div class=\"elementor-column elementor-col-50 elementor-top-column elementor-element elementor-element-1fda497\" data-id=\"1fda497\" data-element_type=\"column\" data-e-type=\"column\">\n\t\t\t<div class=\"elementor-widget-wrap elementor-element-populated\">\n\t\t\t\t\t\t<div class=\"elementor-element elementor-element-5487e5b elementor-widget elementor-widget-google_maps\" data-id=\"5487e5b\" data-element_type=\"widget\" data-e-type=\"widget\" data-widget_type=\"google_maps.default\">\n\t\t\t\t<div class=\"elementor-widget-container\">\n\t\t\t\t\t\t\t<div class=\"elementor-custom-embed\">\n\t\t\t<iframe loading=\"lazy\"\n\t\t\t\t\tsrc=\"https:\/\/maps.google.com\/maps?q=%C3%95ism%C3%A4e%20tee%20107a%2C%20Tallinn&#038;t=m&#038;z=10&#038;output=embed&#038;iwloc=near\"\n\t\t\t\t\ttitle=\"\u042b\u0439\u0441\u043c\u044f\u044d \u0442\u0435\u044d 107a, \u0422\u0430\u043b\u043b\u0438\u043d\u043d\"\n\t\t\t\t\taria-label=\"\u042b\u0439\u0441\u043c\u044f\u044d \u0442\u0435\u044d 107a, \u0422\u0430\u043b\u043b\u0438\u043d\u043d\"\n\t\t\t><\/iframe>\n\t\t<\/div>\n\t\t\t\t\t\t<\/div>\n\t\t\t\t<\/div>\n\t\t\t\t\t<\/div>\n\t\t<\/div>\n\t\t\t\t\t<\/div>\n\t\t<\/section>\n\t\t\t\t<section class=\"elementor-section elementor-top-section elementor-element elementor-element-df17d88 elementor-section-stretched contact-detail elementor-section-boxed elementor-section-height-default elementor-section-height-default\" data-id=\"df17d88\" data-element_type=\"section\" data-e-type=\"section\" data-settings=\"{&quot;stretch_section&quot;:&quot;section-stretched&quot;}\">\n\t\t\t\t\t\t<div class=\"elementor-container elementor-column-gap-default\">\n\t\t\t\t\t<div class=\"elementor-column elementor-col-100 elementor-top-column elementor-element elementor-element-73b95289\" data-id=\"73b95289\" data-element_type=\"column\" data-e-type=\"column\">\n\t\t\t<div class=\"elementor-widget-wrap elementor-element-populated\">\n\t\t\t\t\t\t<div class=\"elementor-element elementor-element-f79d0d1 elementor-widget elementor-widget-heading\" data-id=\"f79d0d1\" data-element_type=\"widget\" data-e-type=\"widget\" data-widget_type=\"heading.default\">\n\t\t\t\t<div class=\"elementor-widget-container\">\n\t\t\t\t\t<h2 class=\"elementor-heading-title elementor-size-default\">\u041e \u043a\u043e\u043c\u043f\u0430\u043d\u0438\u0438<\/h2>\t\t\t\t<\/div>\n\t\t\t\t<\/div>\n\t\t\t\t<div class=\"elementor-element elementor-element-5699f08 elementor-widget elementor-widget-text-editor\" data-id=\"5699f08\" data-element_type=\"widget\" data-e-type=\"widget\" data-widget_type=\"text-editor.default\">\n\t\t\t\t<div class=\"elementor-widget-container\">\n\t\t\t\t\t\t\t\t\t<p class=\"translation-block\"><strong>Galditex O\u00dc<\/strong><br>\u00a0\u00d5ism\u00e4e tee 89, Haabersti linnaosa, 13515 Tallinn, Harju maakond<br>\u0420\u0435\u0433\u0438\u0441\u0442\u0440\u0430\u0446\u0438\u043e\u043d\u043d\u044b\u0439 \u043a\u043e\u0434: 11412332<br>KMKR: EE101191753<\/p><p>IBAN EE722200221038762380<br \/>SWIFT\/BIC HABAEE2X<\/p><p>\u042d\u043b\u0435\u043a\u0442\u0440\u043e\u043d\u043d\u0430\u044f \u043f\u043e\u0447\u0442\u0430: <span class=\"elementor-icon-list-text\">pood.garditex@gmail.com<br \/>\u0422\u0435\u043b\u0435\u0444\u043e\u043d:<\/span><span class=\"elementor-icon-list-text\">+372 5801 5344<\/span><\/p>\t\t\t\t\t\t\t\t<\/div>\n\t\t\t\t<\/div>\n\t\t\t\t<div class=\"elementor-element elementor-element-7512fd8 elementor-widget elementor-widget-spacer\" data-id=\"7512fd8\" data-element_type=\"widget\" data-e-type=\"widget\" data-widget_type=\"spacer.default\">\n\t\t\t\t<div class=\"elementor-widget-container\">\n\t\t\t\t\t\t\t<div class=\"elementor-spacer\">\n\t\t\t<div class=\"elementor-spacer-inner\"><\/div>\n\t\t<\/div>\n\t\t\t\t\t\t<\/div>\n\t\t\t\t<\/div>\n\t\t\t\t\t<\/div>\n\t\t<\/div>\n\t\t\t\t\t<\/div>\n\t\t<\/section>\n\t\t\t\t<\/div>","protected":false},"excerpt":{"rendered":"<p>\ud83d\udccd Kaupluse aadress Lasnam\u00e4el Mahtra 1, TallinnMustakivi keskus, 2. korrus \ud83d\udd52 Avatud: E\u2013L: 10:00\u201320:00P: 10:00\u201318:00 \u2709\ufe0f E-post: pood.garditex@gmail.com \ud83d\udcde Telefon: (+372) 58015344 \ud83d\udccd Kaupluse aadress \u00d5ism\u00e4el \u00d5ism\u00e4e tee 107a, TallinnKollane keskus, 2. korrus \ud83d\udd52 Avatud: E\u2013R: 10:00\u201319:00L: 10:00\u201318:00P: 10:00\u201317:00 \u2709\ufe0f E-post: pood.garditex@gmail.com \ud83d\udcde Telefon: (+372) 58015344 Ettev\u00f5tte andmed Galditex O\u00dc\u00a0\u00d5ism\u00e4e tee 89, Haabersti linnaosa, 13515 [&hellip;]<\/p>\n","protected":false},"author":3,"featured_media":0,"parent":0,"menu_order":0,"comment_status":"closed","ping_status":"closed","template":"","meta":{"footnotes":""},"class_list":["post-8108","page","type-page","status-publish","hentry"],"_links":{"self":[{"href":"https:\/\/garditex.ee\/ru\/wp-json\/wp\/v2\/pages\/8108","targetHints":{"allow":["GET"]}}],"collection":[{"href":"https:\/\/garditex.ee\/ru\/wp-json\/wp\/v2\/pages"}],"about":[{"href":"https:\/\/garditex.ee\/ru\/wp-json\/wp\/v2\/types\/page"}],"author":[{"embeddable":true,"href":"https:\/\/garditex.ee\/ru\/wp-json\/wp\/v2\/users\/3"}],"replies":[{"embeddable":true,"href":"https:\/\/garditex.ee\/ru\/wp-json\/wp\/v2\/comments?post=8108"}],"version-history":[{"count":0,"href":"https:\/\/garditex.ee\/ru\/wp-json\/wp\/v2\/pages\/8108\/revisions"}],"wp:attachment":[{"href":"https:\/\/garditex.ee\/ru\/wp-json\/wp\/v2\/media?parent=8108"}],"curies":[{"name":"wp","href":"https:\/\/api.w.org\/{rel}","templated":true}]}}