{"id":11768,"date":"2025-03-10T15:00:08","date_gmt":"2025-03-10T15:00:08","guid":{"rendered":"https:\/\/garditex.ee\/?page_id=11768"},"modified":"2025-03-10T15:21:37","modified_gmt":"2025-03-10T15:21:37","slug":"tablitsa-razmerov","status":"publish","type":"page","link":"https:\/\/garditex.ee\/ru\/riidesuuruste-tabel\/","title":{"rendered":"\u041e\u0441\u043d\u043e\u0432\u043d\u044b\u0435 \u043f\u043e\u043b\u043e\u0436\u0435\u043d\u0438\u044f \u0442\u0430\u0431\u043b\u0438\u0446\u044b"},"content":{"rendered":"<div data-elementor-type=\"wp-page\" data-elementor-id=\"11768\" class=\"elementor elementor-11768\">\n\t\t\t\t\t\t<section class=\"elementor-section elementor-top-section elementor-element elementor-element-62f466d5 elementor-section-boxed elementor-section-height-default elementor-section-height-default\" data-id=\"62f466d5\" data-element_type=\"section\" data-e-type=\"section\">\n\t\t\t\t\t\t<div class=\"elementor-container elementor-column-gap-default\">\n\t\t\t\t\t<div class=\"elementor-column elementor-col-100 elementor-top-column elementor-element elementor-element-34588839\" data-id=\"34588839\" data-element_type=\"column\" data-e-type=\"column\">\n\t\t\t<div class=\"elementor-widget-wrap elementor-element-populated\">\n\t\t\t\t\t\t<div class=\"elementor-element elementor-element-db0c9bf elementor-widget elementor-widget-html\" data-id=\"db0c9bf\" data-element_type=\"widget\" data-e-type=\"widget\" data-widget_type=\"html.default\">\n\t\t\t\t<div class=\"elementor-widget-container\">\n\t\t\t\t\t<style>\r\n  .size-table {\r\n    width: 100%;\r\n    border-collapse: collapse;\r\n    margin-top: 10px;\r\n  }\r\n  .size-table th, .size-table td {\r\n    border: 1px solid #ddd;\r\n    padding: 10px;\r\n    text-align: center;\r\n  }\r\n  .size-table th {\r\n    background-color: #f4f4f4;\r\n  }\r\n  @media screen and (max-width: 600px) {\r\n    .size-table, .size-table thead, .size-table tbody, .size-table th, .size-table td, .size-table tr {\r\n      display: block;\r\n    }\r\n    .size-table tr {\r\n      margin-bottom: 10px;\r\n    }\r\n    .size-table td {\r\n      text-align: left;\r\n      padding-left: 50%;\r\n      position: relative;\r\n    }\r\n    .size-table td:before {\r\n      content: attr(data-label);\r\n      position: absolute;\r\n      left: 10px;\r\n      font-weight: bold;\r\n    }\r\n  }\r\n<\/style>\r\n\r\n<h3>\u041e\u0441\u043d\u043e\u0432\u043d\u044b\u0435 \u043f\u043e\u043b\u043e\u0436\u0435\u043d\u0438\u044f \u0442\u0430\u0431\u043b\u0438\u0446\u044b (\u0435\u0432\u0440\u043e\u043f\u0435\u0439\u0441\u043a\u0438\u0439, \u0440\u0443\u0441\u0441\u043a\u0438\u0439)<\/h3>\r\n\r\n<table class=\"size-table\">\r\n  <thead>\r\n    <tr>\r\n      <th>\u0420\u0430\u0437\u043c\u0435\u0440 (EU)<\/th>\r\n      <th>\u0411\u044e\u0441\u0442 (\u0441\u043c)<\/th>\r\n      <th>\u0422\u0430\u043b\u0438\u044f (\u0441\u043c)<\/th>\r\n      <th>\u041e\u0434\u043d\u0438 \u0431\u0435\u0434\u0440\u0430 (\u0441\u043c)<\/th>\r\n      <th>\u0420\u0430\u0437\u043c\u0435\u0440 (\u041d\u0430 \u0440\u0443\u0441\u0441\u043a\u043e\u043c \u044f\u0437\u044b\u043a\u0435)<\/th>\r\n    <\/tr>\r\n  <\/thead>\r\n  <tbody>\r\n    <tr>\r\n      <td data-label=\"Suurus (EU)\">32 (XS)<\/td>\r\n      <td data-label=\"Rinna\u00fcmberm\u00f5\u00f5t (cm)\">76-80<\/td>\r\n      <td data-label=\"V\u00f6\u00f6\u00fcmberm\u00f5\u00f5t (cm)\">60-64<\/td>\r\n      <td data-label=\"Puusa\u00fcmberm\u00f5\u00f5t (cm)\">84-88<\/td>\r\n      <td data-label=\"Suurus (Vene)\">38 (RU)<\/td>\r\n    <\/tr>\r\n    <tr>\r\n      <td data-label=\"Suurus (EU)\">34 (XS-S)<\/td>\r\n      <td data-label=\"Rinna\u00fcmberm\u00f5\u00f5t (cm)\">80-84<\/td>\r\n      <td data-label=\"V\u00f6\u00f6\u00fcmberm\u00f5\u00f5t (cm)\">64-68<\/td>\r\n      <td data-label=\"Puusa\u00fcmberm\u00f5\u00f5t (cm)\">88-92<\/td>\r\n      <td data-label=\"Suurus (Vene)\">40 (RU)<\/td>\r\n    <\/tr>\r\n    <tr>\r\n      <td data-label=\"Suurus (EU)\">36 (\u042b)<\/td>\r\n      <td data-label=\"Rinna\u00fcmberm\u00f5\u00f5t (cm)\">84-88<\/td>\r\n      <td data-label=\"V\u00f6\u00f6\u00fcmberm\u00f5\u00f5t (cm)\">68-72<\/td>\r\n      <td data-label=\"Puusa\u00fcmberm\u00f5\u00f5t (cm)\">92-96<\/td>\r\n      <td data-label=\"Suurus (Vene)\">42 (RU)<\/td>\r\n    <\/tr>\r\n    <tr>\r\n      <td data-label=\"Suurus (EU)\">38 (\u041c)<\/td>\r\n      <td data-label=\"Rinna\u00fcmberm\u00f5\u00f5t (cm)\">88-92<\/td>\r\n      <td data-label=\"V\u00f6\u00f6\u00fcmberm\u00f5\u00f5t (cm)\">72-76<\/td>\r\n      <td data-label=\"Puusa\u00fcmberm\u00f5\u00f5t (cm)\">96-100<\/td>\r\n      <td data-label=\"Suurus (Vene)\">44 (RU)<\/td>\r\n    <\/tr>\r\n    <tr>\r\n      <td data-label=\"Suurus (EU)\">40 (M-L)<\/td>\r\n      <td data-label=\"Rinna\u00fcmberm\u00f5\u00f5t (cm)\">92-96<\/td>\r\n      <td data-label=\"V\u00f6\u00f6\u00fcmberm\u00f5\u00f5t (cm)\">76-80<\/td>\r\n      <td data-label=\"Puusa\u00fcmberm\u00f5\u00f5t (cm)\">100-104<\/td>\r\n      <td data-label=\"Suurus (Vene)\">46 (RU)<\/td>\r\n    <\/tr>\r\n    <tr>\r\n      <td data-label=\"Suurus (EU)\">42 (L)<\/td>\r\n      <td data-label=\"Rinna\u00fcmberm\u00f5\u00f5t (cm)\">96-100<\/td>\r\n      <td data-label=\"V\u00f6\u00f6\u00fcmberm\u00f5\u00f5t (cm)\">80-84<\/td>\r\n      <td data-label=\"Puusa\u00fcmberm\u00f5\u00f5t (cm)\">104-108<\/td>\r\n      <td data-label=\"Suurus (Vene)\">48 (RU)<\/td>\r\n    <\/tr>\r\n    <tr>\r\n      <td data-label=\"Suurus (EU)\">44 (L-XL)<\/td>\r\n      <td data-label=\"Rinna\u00fcmberm\u00f5\u00f5t (cm)\">100-104<\/td>\r\n      <td data-label=\"V\u00f6\u00f6\u00fcmberm\u00f5\u00f5t (cm)\">84-88<\/td>\r\n      <td data-label=\"Puusa\u00fcmberm\u00f5\u00f5t (cm)\">108-112<\/td>\r\n      <td data-label=\"Suurus (Vene)\">50 (RU)<\/td>\r\n    <\/tr>\r\n    <tr>\r\n      <td data-label=\"Suurus (EU)\">46 (XL)<\/td>\r\n      <td data-label=\"Rinna\u00fcmberm\u00f5\u00f5t (cm)\">104-110<\/td>\r\n      <td data-label=\"V\u00f6\u00f6\u00fcmberm\u00f5\u00f5t (cm)\">88-92<\/td>\r\n      <td data-label=\"Puusa\u00fcmberm\u00f5\u00f5t (cm)\">112-116<\/td>\r\n      <td data-label=\"Suurus (Vene)\">52 (RU)<\/td>\r\n    <\/tr>\r\n    <tr>\r\n      <td data-label=\"Suurus (EU)\">48 (2XL)<\/td>\r\n      <td data-label=\"Rinna\u00fcmberm\u00f5\u00f5t (cm)\">110-116<\/td>\r\n      <td data-label=\"V\u00f6\u00f6\u00fcmberm\u00f5\u00f5t (cm)\">92-96<\/td>\r\n      <td data-label=\"Puusa\u00fcmberm\u00f5\u00f5t (cm)\">116-120<\/td>\r\n      <td data-label=\"Suurus (Vene)\">54 (RU)<\/td>\r\n    <\/tr>\r\n    <tr>\r\n      <td data-label=\"Suurus (EU)\">50 (3XL)<\/td>\r\n      <td data-label=\"Rinna\u00fcmberm\u00f5\u00f5t (cm)\">116-122<\/td>\r\n      <td data-label=\"V\u00f6\u00f6\u00fcmberm\u00f5\u00f5t (cm)\">96-100<\/td>\r\n      <td data-label=\"Puusa\u00fcmberm\u00f5\u00f5t (cm)\">120-124<\/td>\r\n      <td data-label=\"Suurus (Vene)\">56 (RU)<\/td>\r\n    <\/tr>\r\n  <\/tbody>\r\n<\/table>\r\n\r\n<p><em>\u041f\u0440\u0438\u0432\u0435\u0434\u0435\u043d\u043d\u044b\u0435 \u0437\u0434\u0435\u0441\u044c \u0440\u0430\u0437\u043c\u0435\u0440\u044b \u043e\u0441\u043d\u043e\u0432\u0430\u043d\u044b \u043d\u0430 \u0435\u0432\u0440\u043e\u043f\u0435\u0439\u0441\u043a\u0438\u0445 \u0438 \u0440\u043e\u0441\u0441\u0438\u0439\u0441\u043a\u0438\u0445 \u043c\u0435\u0440\u043a\u0430\u0445, \u043d\u043e \u0440\u0430\u0437\u043d\u044b\u0435 \u043f\u0440\u043e\u0438\u0437\u0432\u043e\u0434\u0438\u0442\u0435\u043b\u0438 \u0438 \u0441\u0442\u0440\u0430\u043d\u044b-\u043f\u0440\u043e\u0438\u0437\u0432\u043e\u0434\u0438\u0442\u0435\u043b\u0438 \u043c\u043e\u0433\u0443\u0442 \u0438\u0441\u043f\u043e\u043b\u044c\u0437\u043e\u0432\u0430\u0442\u044c \u0440\u0430\u0437\u043d\u044b\u0435 \u0441\u0438\u0441\u0442\u0435\u043c\u044b \u0440\u0430\u0437\u043c\u0435\u0440\u043e\u0432. \u041c\u044b \u0432\u0441\u0435\u0433\u0434\u0430 \u0440\u0435\u043a\u043e\u043c\u0435\u043d\u0434\u0443\u0435\u043c \u0441\u0432\u0435\u0440\u044f\u0442\u044c\u0441\u044f \u0441 \u0442\u0430\u0431\u043b\u0438\u0446\u0435\u0439 \u0440\u0430\u0437\u043c\u0435\u0440\u043e\u0432 \u0434\u043b\u044f \u043a\u0430\u0436\u0434\u043e\u0433\u043e \u043a\u043e\u043d\u043a\u0440\u0435\u0442\u043d\u043e\u0433\u043e \u0442\u043e\u0432\u0430\u0440\u0430 (\u0435\u0441\u043b\u0438 \u043e\u043d\u0430 \u0443\u043a\u0430\u0437\u0430\u043d\u0430 \u043e\u0442\u0434\u0435\u043b\u044c\u043d\u043e) \u0438\u043b\u0438 \u0437\u0430\u043f\u0440\u0430\u0448\u0438\u0432\u0430\u0442\u044c \u0443 \u043d\u0430\u0441 \u0431\u043e\u043b\u0435\u0435 \u043f\u043e\u0434\u0440\u043e\u0431\u043d\u044b\u0435 \u0438\u0437\u043c\u0435\u0440\u0435\u043d\u0438\u044f \u043f\u043e \u044d\u043b\u0435\u043a\u0442\u0440\u043e\u043d\u043d\u043e\u0439 \u043f\u043e\u0447\u0442\u0435, \u0447\u0442\u043e\u0431\u044b \u0433\u0430\u0440\u0430\u043d\u0442\u0438\u0440\u043e\u0432\u0430\u0442\u044c \u043d\u0430\u0438\u043b\u0443\u0447\u0448\u0443\u044e \u043f\u043e\u0441\u0430\u0434\u043a\u0443.<\/em><\/p>\r\n\t\t\t\t<\/div>\n\t\t\t\t<\/div>\n\t\t\t\t\t<\/div>\n\t\t<\/div>\n\t\t\t\t\t<\/div>\n\t\t<\/section>\n\t\t\t\t<\/div>","protected":false},"excerpt":{"rendered":"<p>Riidesuuruste tabel (EU, Vene) Suurus (EU) Rinna\u00fcmberm\u00f5\u00f5t (cm) V\u00f6\u00f6\u00fcmberm\u00f5\u00f5t (cm) Puusa\u00fcmberm\u00f5\u00f5t (cm) Suurus (Vene) 32 (XS) 76-80 60-64 84-88 38 (RU) 34 (XS-S) 80-84 64-68 88-92 40 (RU) 36 (S) 84-88 68-72 92-96 42 (RU) 38 (M) 88-92 72-76 96-100 44 (RU) 40 (M-L) 92-96 76-80 100-104 46 (RU) 42 (L) 96-100 80-84 104-108 48 [&hellip;]<\/p>\n","protected":false},"author":3,"featured_media":0,"parent":0,"menu_order":0,"comment_status":"closed","ping_status":"closed","template":"","meta":{"footnotes":""},"class_list":["post-11768","page","type-page","status-publish","hentry"],"_links":{"self":[{"href":"https:\/\/garditex.ee\/ru\/wp-json\/wp\/v2\/pages\/11768","targetHints":{"allow":["GET"]}}],"collection":[{"href":"https:\/\/garditex.ee\/ru\/wp-json\/wp\/v2\/pages"}],"about":[{"href":"https:\/\/garditex.ee\/ru\/wp-json\/wp\/v2\/types\/page"}],"author":[{"embeddable":true,"href":"https:\/\/garditex.ee\/ru\/wp-json\/wp\/v2\/users\/3"}],"replies":[{"embeddable":true,"href":"https:\/\/garditex.ee\/ru\/wp-json\/wp\/v2\/comments?post=11768"}],"version-history":[{"count":0,"href":"https:\/\/garditex.ee\/ru\/wp-json\/wp\/v2\/pages\/11768\/revisions"}],"wp:attachment":[{"href":"https:\/\/garditex.ee\/ru\/wp-json\/wp\/v2\/media?parent=11768"}],"curies":[{"name":"wp","href":"https:\/\/api.w.org\/{rel}","templated":true}]}}